{"id":1024,"date":"2023-08-26T10:34:14","date_gmt":"2023-08-26T08:34:14","guid":{"rendered":"https:\/\/horizonverde.fr\/?page_id=1024"},"modified":"2024-09-21T10:37:52","modified_gmt":"2024-09-21T08:37:52","slug":"acceuil","status":"publish","type":"page","link":"https:\/\/horizonverde.fr\/index.php\/acceuil\/","title":{"rendered":"ACTUALIT\u00c9S"},"content":{"rendered":"\n<p class=\"has-text-align-center has-white-color has-vivid-green-cyan-background-color has-text-color has-background has-link-color wp-elements-98e1e08944b1113f17300d1503322c02\" style=\"font-size:30px\"><strong>PROCHAIN PASSAGE DE SMAC POUR L&rsquo;ENTRETIEN DES TOITURES TERRASSES : MERCREDI 02 et JEUDI 03 OCTOBRE 2024.<\/strong><\/p>\n\n\n\n<p class=\"has-white-color has-text-color has-link-color has-large-font-size wp-elements-d75ed65e112d16080a1446972aebea7f\">Sont concern\u00e9s les lots :  C30, B30, B31, A30, A31.<\/p>\n\n\n\n<p class=\"has-text-color has-background has-link-color wp-elements-e74f515e4760bd6a3c5db694c5631219\" style=\"color:#1a382f;background-color:#c4d64c;font-size:30px\"><strong>Prochaine assembl\u00e9e g\u00e9n\u00e9rale<\/strong><\/p>\n\n\n\n<p class=\"has-white-color has-text-color has-link-color has-medium-font-size wp-elements-294a76115aed09f03dd72d9b64a6ef19\">Copropri\u00e9taires, votre prochaine assembl\u00e9e g\u00e9n\u00e9rale se tiendra le mardi 24 septembre 2024, 17:00, au si\u00e8ge du syndic BRAS.<\/p>\n\n\n\n<p class=\"has-white-color has-text-color has-link-color has-medium-font-size wp-elements-cce9ce3c94d8a3b3d549415be0dfcf9d\">50 route de Vannes<\/p>\n\n\n\n<p class=\"has-white-color has-text-color has-link-color has-medium-font-size wp-elements-909a9a26dde41e76badedce5526dcdff\">44100 Nantes<\/p>\n\n\n\n<p class=\"has-text-color has-background has-link-color wp-elements-1aa569218d662b244b919dbc3a4c65b9\" style=\"color:#1a382f;background-color:#c4d64c;font-size:30px\"><strong>Barbecues<\/strong><\/p>\n\n\n\n<p class=\"has-white-color has-text-color has-link-color has-medium-font-size wp-elements-001e50184670b7d5fe2b6cd7b71ce8ac\">Pour rappel, selon le r\u00e8glement int\u00e9rieur sign\u00e9 devant Notaire, <strong>l&rsquo;utilisation des barbecues gaz et charbon, reste interdite<\/strong> au sein de la copropri\u00e9t\u00e9.<\/p>\n\n\n\n<figure class=\"wp-block-image size-full is-resized\"><img loading=\"lazy\" decoding=\"async\" width=\"600\" height=\"600\" src=\"https:\/\/horizonverde.fr\/wp-content\/uploads\/2024\/05\/campingaz-premium-3s-2.jpg\" alt=\"\" class=\"wp-image-1130\" style=\"width:174px;height:auto\" srcset=\"https:\/\/horizonverde.fr\/wp-content\/uploads\/2024\/05\/campingaz-premium-3s-2.jpg 600w, https:\/\/horizonverde.fr\/wp-content\/uploads\/2024\/05\/campingaz-premium-3s-2-300x300.jpg 300w, https:\/\/horizonverde.fr\/wp-content\/uploads\/2024\/05\/campingaz-premium-3s-2-150x150.jpg 150w\" sizes=\"auto, (max-width: 600px) 100vw, 600px\" \/><\/figure>\n\n\n\n<figure class=\"wp-block-image size-full is-resized\"><img decoding=\"async\" src=\"https:\/\/horizonverde.fr\/wp-content\/uploads\/2024\/05\/f9802cb9125c9feed040f82672fe9d5ffe523deb-copie.tiff\" alt=\"\" class=\"wp-image-1131\" style=\"width:174px;height:auto\"\/><\/figure>\n\n\n\n<p class=\"has-medium-font-size\">Dans le cas ou vous souhaitez tout de m\u00eame utiliser ce type d&rsquo;\u00e9quipement, votre responsabilit\u00e9 en est pleinement engag\u00e9e.<\/p>\n\n\n\n<p class=\"has-medium-font-size\">En revanche, <strong>sont tol\u00e9r\u00e9s les barbecues et planchas \u00e9lectriques<\/strong>, dont le risque de flammes et fum\u00e9es est limit\u00e9.<\/p>\n\n\n\n<figure class=\"wp-block-image size-full\"><img loading=\"lazy\" decoding=\"async\" width=\"200\" height=\"200\" src=\"https:\/\/horizonverde.fr\/wp-content\/uploads\/2024\/05\/barbecue-electrique-pret-a-poser-attitude-2go-electric-campingaz3138522128098_01c_FR_CF.webp\" alt=\"\" class=\"wp-image-1128\" srcset=\"https:\/\/horizonverde.fr\/wp-content\/uploads\/2024\/05\/barbecue-electrique-pret-a-poser-attitude-2go-electric-campingaz3138522128098_01c_FR_CF.webp 200w, https:\/\/horizonverde.fr\/wp-content\/uploads\/2024\/05\/barbecue-electrique-pret-a-poser-attitude-2go-electric-campingaz3138522128098_01c_FR_CF-150x150.webp 150w\" sizes=\"auto, (max-width: 200px) 100vw, 200px\" \/><\/figure>\n\n\n\n<p class=\"has-medium-font-size\">Nous vous remercions de votre compr\u00e9hension.<\/p>\n\n\n\n<p><\/p>\n","protected":false},"excerpt":{"rendered":"<p>PROCHAIN PASSAGE DE SMAC POUR L&rsquo;ENTRETIEN DES TOITURES TERRASSES : MERCREDI 02 et JEUDI 03 OCTOBRE 2024. Sont concern\u00e9s les lots : C30, B30, B31, A30, A31. Prochaine assembl\u00e9e g\u00e9n\u00e9rale Copropri\u00e9taires, votre prochaine assembl\u00e9e g\u00e9n\u00e9rale se tiendra le mardi 24 septembre 2024, 17:00, au si\u00e8ge du syndic BRAS. 50 route de Vannes 44100 Nantes Barbecues <a class=\"read-more\" href=\"https:\/\/horizonverde.fr\/index.php\/acceuil\/\">READ MORE<\/a><\/p>\n","protected":false},"author":2,"featured_media":0,"parent":0,"menu_order":0,"comment_status":"closed","ping_status":"closed","template":"","meta":{"_mi_skip_tracking":false,"_monsterinsights_sitenote_active":false,"_monsterinsights_sitenote_note":"","_monsterinsights_sitenote_category":0,"footnotes":""},"class_list":["post-1024","page","type-page","status-publish","hentry"],"_links":{"self":[{"href":"https:\/\/horizonverde.fr\/index.php\/wp-json\/wp\/v2\/pages\/1024","targetHints":{"allow":["GET"]}}],"collection":[{"href":"https:\/\/horizonverde.fr\/index.php\/wp-json\/wp\/v2\/pages"}],"about":[{"href":"https:\/\/horizonverde.fr\/index.php\/wp-json\/wp\/v2\/types\/page"}],"author":[{"embeddable":true,"href":"https:\/\/horizonverde.fr\/index.php\/wp-json\/wp\/v2\/users\/2"}],"replies":[{"embeddable":true,"href":"https:\/\/horizonverde.fr\/index.php\/wp-json\/wp\/v2\/comments?post=1024"}],"version-history":[{"count":32,"href":"https:\/\/horizonverde.fr\/index.php\/wp-json\/wp\/v2\/pages\/1024\/revisions"}],"predecessor-version":[{"id":1167,"href":"https:\/\/horizonverde.fr\/index.php\/wp-json\/wp\/v2\/pages\/1024\/revisions\/1167"}],"wp:attachment":[{"href":"https:\/\/horizonverde.fr\/index.php\/wp-json\/wp\/v2\/media?parent=1024"}],"curies":[{"name":"wp","href":"https:\/\/api.w.org\/{rel}","templated":true}]}}