{"id":1074,"date":"2023-12-01T10:11:05","date_gmt":"2023-12-01T09:11:05","guid":{"rendered":"https:\/\/horizonverde.fr\/?page_id=1074"},"modified":"2023-12-01T10:11:25","modified_gmt":"2023-12-01T09:11:25","slug":"stop-pub","status":"publish","type":"page","link":"https:\/\/horizonverde.fr\/index.php\/stop-pub\/","title":{"rendered":"STOP PUB"},"content":{"rendered":"\n<figure class=\"wp-block-image size-full\"><img loading=\"lazy\" decoding=\"async\" width=\"261\" height=\"143\" src=\"https:\/\/horizonverde.fr\/wp-content\/uploads\/2023\/02\/Unknown.jpeg\" alt=\"\" class=\"wp-image-920\"\/><\/figure>\n\n\n\n<p><\/p>\n\n\n\n<p class=\"has-medium-font-size\">Afin de limiter vos d\u00e9chets papiers, des STOP PUB sont disponibles gratuitement, aupr\u00e8s de votre conseil syndical sur demande via le lien situ\u00e9 en haut \u00e0 droite de cette page.<\/p>\n","protected":false},"excerpt":{"rendered":"<p>Afin de limiter vos d\u00e9chets papiers, des STOP PUB sont disponibles gratuitement, aupr\u00e8s de votre conseil syndical sur demande via le lien situ\u00e9 en haut \u00e0 droite de cette page.<\/p>\n","protected":false},"author":2,"featured_media":0,"parent":0,"menu_order":0,"comment_status":"closed","ping_status":"closed","template":"","meta":{"_mi_skip_tracking":false,"_monsterinsights_sitenote_active":false,"_monsterinsights_sitenote_note":"","_monsterinsights_sitenote_category":0,"footnotes":""},"class_list":["post-1074","page","type-page","status-publish","hentry"],"_links":{"self":[{"href":"https:\/\/horizonverde.fr\/index.php\/wp-json\/wp\/v2\/pages\/1074","targetHints":{"allow":["GET"]}}],"collection":[{"href":"https:\/\/horizonverde.fr\/index.php\/wp-json\/wp\/v2\/pages"}],"about":[{"href":"https:\/\/horizonverde.fr\/index.php\/wp-json\/wp\/v2\/types\/page"}],"author":[{"embeddable":true,"href":"https:\/\/horizonverde.fr\/index.php\/wp-json\/wp\/v2\/users\/2"}],"replies":[{"embeddable":true,"href":"https:\/\/horizonverde.fr\/index.php\/wp-json\/wp\/v2\/comments?post=1074"}],"version-history":[{"count":2,"href":"https:\/\/horizonverde.fr\/index.php\/wp-json\/wp\/v2\/pages\/1074\/revisions"}],"predecessor-version":[{"id":1076,"href":"https:\/\/horizonverde.fr\/index.php\/wp-json\/wp\/v2\/pages\/1074\/revisions\/1076"}],"wp:attachment":[{"href":"https:\/\/horizonverde.fr\/index.php\/wp-json\/wp\/v2\/media?parent=1074"}],"curies":[{"name":"wp","href":"https:\/\/api.w.org\/{rel}","templated":true}]}}