{"id":413,"date":"2022-11-27T12:30:28","date_gmt":"2022-11-27T11:30:28","guid":{"rendered":"https:\/\/horizonverde.fr\/?page_id=413"},"modified":"2023-02-11T10:14:30","modified_gmt":"2023-02-11T09:14:30","slug":"vivre-a-horizon-verde","status":"publish","type":"page","link":"https:\/\/horizonverde.fr\/index.php\/vivre-a-horizon-verde\/","title":{"rendered":"VIVRE \u00c0 HORIZON VERDE"},"content":{"rendered":"\n<figure class=\"wp-block-image size-large is-resized\"><img loading=\"lazy\" decoding=\"async\" src=\"https:\/\/horizonverde.fr\/wp-content\/uploads\/2023\/02\/IMG_1216-1024x576.jpeg\" alt=\"\" class=\"wp-image-965\" width=\"1140\" height=\"641\" srcset=\"https:\/\/horizonverde.fr\/wp-content\/uploads\/2023\/02\/IMG_1216-1024x576.jpeg 1024w, https:\/\/horizonverde.fr\/wp-content\/uploads\/2023\/02\/IMG_1216-300x169.jpeg 300w, https:\/\/horizonverde.fr\/wp-content\/uploads\/2023\/02\/IMG_1216-768x432.jpeg 768w, https:\/\/horizonverde.fr\/wp-content\/uploads\/2023\/02\/IMG_1216-1536x864.jpeg 1536w, https:\/\/horizonverde.fr\/wp-content\/uploads\/2023\/02\/IMG_1216-2048x1152.jpeg 2048w\" sizes=\"auto, (max-width: 1140px) 100vw, 1140px\" \/><\/figure>\n\n\n\n<p class=\"has-text-align-center has-text-color has-background has-large-font-size\" style=\"color:#1a382f;background-color:#c4d64c\"><strong>Nous vous souhaitons la bienvenue dans votre r\u00e9sidence ! <\/strong><\/p>\n\n\n\n<p><\/p>\n\n\n\n<p class=\"has-text-color has-medium-font-size\" style=\"color:#28382f\"><strong>S\u00e9r\u00e9nit\u00e9, am\u00e9nit\u00e9, proximit\u00e9, sont les mots ma\u00eetres de ce lieu de vie au quotidien. Profitez chaque jour, d&rsquo;un cadre de vie unique aux portes de Nantes.<\/strong><\/p>\n\n\n\n<p><\/p>\n\n\n\n<p class=\"has-text-color has-medium-font-size\" style=\"color:#28382f\"><strong>Pour garantir une qualit\u00e9 de vie quotidienne pour toutes et tous, le conseil syndical vous donne quelques conseils et r\u00e8gles \u00e0 mettre en oeuvre au sein de la r\u00e9sidence.<\/strong><\/p>\n\n\n\n<p><\/p>\n\n\n\n<figure class=\"wp-block-image size-full is-resized\"><img loading=\"lazy\" decoding=\"async\" src=\"https:\/\/horizonverde.fr\/wp-content\/uploads\/2023\/02\/360_F_72439439_i8uz9aaN5xab44OlicB9IuYWo243xFuW.jpg\" alt=\"\" class=\"wp-image-946\" width=\"110\" height=\"113\"\/><\/figure>\n\n\n\n<p class=\"has-text-color has-background has-medium-font-size\" style=\"color:#28382f;background-color:#c3d64d\"><strong>Pour la s\u00e9curit\u00e9 de toutes &amp; tous, votre compagnon pr\u00e9f\u00e9r\u00e9, doit \u00eatre tenu en laisse dans les parties communes. <\/strong><\/p>\n\n\n\n<figure class=\"wp-block-image size-full is-resized\"><img loading=\"lazy\" decoding=\"async\" src=\"https:\/\/horizonverde.fr\/wp-content\/uploads\/2023\/02\/272-merci-de-ramasser-les-d_jections-canines-700px_1.jpg\" alt=\"\" class=\"wp-image-947\" width=\"111\" height=\"111\" srcset=\"https:\/\/horizonverde.fr\/wp-content\/uploads\/2023\/02\/272-merci-de-ramasser-les-d_jections-canines-700px_1.jpg 700w, https:\/\/horizonverde.fr\/wp-content\/uploads\/2023\/02\/272-merci-de-ramasser-les-d_jections-canines-700px_1-300x300.jpg 300w, https:\/\/horizonverde.fr\/wp-content\/uploads\/2023\/02\/272-merci-de-ramasser-les-d_jections-canines-700px_1-150x150.jpg 150w\" sizes=\"auto, (max-width: 111px) 100vw, 111px\" \/><\/figure>\n\n\n\n<p class=\"has-text-color has-background has-medium-font-size\" style=\"color:#28382f;background-color:#c3d64d\"><strong>Les d\u00e9jections de votre toutou, doivent \u00eatres syst\u00e9matiquement ramass\u00e9es.<\/strong><\/p>\n\n\n\n<figure class=\"wp-block-image size-full is-resized\"><img loading=\"lazy\" decoding=\"async\" src=\"https:\/\/horizonverde.fr\/wp-content\/uploads\/2023\/02\/Pictogramme-interdit-de-fumer.jpeg\" alt=\"\" class=\"wp-image-950\" width=\"110\" height=\"110\" srcset=\"https:\/\/horizonverde.fr\/wp-content\/uploads\/2023\/02\/Pictogramme-interdit-de-fumer.jpeg 295w, https:\/\/horizonverde.fr\/wp-content\/uploads\/2023\/02\/Pictogramme-interdit-de-fumer-150x150.jpeg 150w\" sizes=\"auto, (max-width: 110px) 100vw, 110px\" \/><\/figure>\n\n\n\n<p class=\"has-text-color has-background has-medium-font-size\" style=\"color:#28382f;background-color:#c3d64d\"><strong>Par mesure de s\u00e9curit\u00e9 et pour la qualit\u00e9 de l&rsquo;air, il est strictement interdit de fumer dans les couloirs, ascenseurs et le parking souterrain, c&rsquo;est plus chic ! <\/strong><\/p>\n\n\n\n<figure class=\"wp-block-image size-full is-resized\"><img loading=\"lazy\" decoding=\"async\" src=\"https:\/\/horizonverde.fr\/wp-content\/uploads\/2023\/02\/depositphotos_89363940-stock-illustration-silence-icon-man-and-hand.webp\" alt=\"\" class=\"wp-image-951\" width=\"110\" height=\"110\" srcset=\"https:\/\/horizonverde.fr\/wp-content\/uploads\/2023\/02\/depositphotos_89363940-stock-illustration-silence-icon-man-and-hand.webp 600w, https:\/\/horizonverde.fr\/wp-content\/uploads\/2023\/02\/depositphotos_89363940-stock-illustration-silence-icon-man-and-hand-300x300.webp 300w, https:\/\/horizonverde.fr\/wp-content\/uploads\/2023\/02\/depositphotos_89363940-stock-illustration-silence-icon-man-and-hand-150x150.webp 150w\" sizes=\"auto, (max-width: 110px) 100vw, 110px\" \/><\/figure>\n\n\n\n<p class=\"has-text-color has-background has-medium-font-size\" style=\"color:#28382f;background-color:#c3d64d\"><strong>Pour le bien \u00eatre, un temps calme doit \u00eatre respect\u00e9 de 22:00 \u00e0 07:00. Soyez tendance, en cas de bruit sur cette plage horaire, pensez \u00e0 pr\u00e9venir votre voisinage, par le biais des bo\u00eetes aux lettres.<\/strong><\/p>\n\n\n\n<figure class=\"wp-block-image size-full is-resized\"><img loading=\"lazy\" decoding=\"async\" src=\"https:\/\/horizonverde.fr\/wp-content\/uploads\/2023\/02\/depositphotos_244833356-stock-illustration-padlock-icon-vector-filled-flat.webp\" alt=\"\" class=\"wp-image-949\" width=\"110\" height=\"110\" srcset=\"https:\/\/horizonverde.fr\/wp-content\/uploads\/2023\/02\/depositphotos_244833356-stock-illustration-padlock-icon-vector-filled-flat.webp 600w, https:\/\/horizonverde.fr\/wp-content\/uploads\/2023\/02\/depositphotos_244833356-stock-illustration-padlock-icon-vector-filled-flat-300x300.webp 300w, https:\/\/horizonverde.fr\/wp-content\/uploads\/2023\/02\/depositphotos_244833356-stock-illustration-padlock-icon-vector-filled-flat-150x150.webp 150w\" sizes=\"auto, (max-width: 110px) 100vw, 110px\" \/><\/figure>\n\n\n\n<p class=\"has-text-color has-background has-medium-font-size\" style=\"color:#28382f;background-color:#c3d64d\"><strong>Pour garantir la s\u00e9curit\u00e9 de vos v\u00e9hicules, il est important de fermer les verrous des serrures des portes qui en sont \u00e9quip\u00e9es, \u00e0 chacun de vos passages.<\/strong><\/p>\n\n\n\n<p class=\"has-text-color has-medium-font-size\" style=\"color:#28382f\"><strong>Il ne nous reste plus qu&rsquo;\u00e0 vous souhaiter de beaux projets au sein de votre r\u00e9sidence Horizon Verde.<\/strong><\/p>\n\n\n\n<p><\/p>\n\n\n\n<p class=\"has-text-align-right has-text-color has-medium-font-size\" style=\"color:#28382f\"><strong>Votre conseil syndical<\/strong><\/p>\n","protected":false},"excerpt":{"rendered":"<p>Nous vous souhaitons la bienvenue dans votre r\u00e9sidence ! S\u00e9r\u00e9nit\u00e9, am\u00e9nit\u00e9, proximit\u00e9, sont les mots ma\u00eetres de ce lieu de vie au quotidien. Profitez chaque jour, d&rsquo;un cadre de vie unique aux portes de Nantes. Pour garantir une qualit\u00e9 de vie quotidienne pour toutes et tous, le conseil syndical vous donne quelques conseils et r\u00e8gles <a class=\"read-more\" href=\"https:\/\/horizonverde.fr\/index.php\/vivre-a-horizon-verde\/\">READ MORE<\/a><\/p>\n","protected":false},"author":2,"featured_media":0,"parent":0,"menu_order":0,"comment_status":"closed","ping_status":"closed","template":"","meta":{"_mi_skip_tracking":false,"_monsterinsights_sitenote_active":false,"_monsterinsights_sitenote_note":"","_monsterinsights_sitenote_category":0,"footnotes":""},"class_list":["post-413","page","type-page","status-publish","hentry"],"_links":{"self":[{"href":"https:\/\/horizonverde.fr\/index.php\/wp-json\/wp\/v2\/pages\/413","targetHints":{"allow":["GET"]}}],"collection":[{"href":"https:\/\/horizonverde.fr\/index.php\/wp-json\/wp\/v2\/pages"}],"about":[{"href":"https:\/\/horizonverde.fr\/index.php\/wp-json\/wp\/v2\/types\/page"}],"author":[{"embeddable":true,"href":"https:\/\/horizonverde.fr\/index.php\/wp-json\/wp\/v2\/users\/2"}],"replies":[{"embeddable":true,"href":"https:\/\/horizonverde.fr\/index.php\/wp-json\/wp\/v2\/comments?post=413"}],"version-history":[{"count":21,"href":"https:\/\/horizonverde.fr\/index.php\/wp-json\/wp\/v2\/pages\/413\/revisions"}],"predecessor-version":[{"id":968,"href":"https:\/\/horizonverde.fr\/index.php\/wp-json\/wp\/v2\/pages\/413\/revisions\/968"}],"wp:attachment":[{"href":"https:\/\/horizonverde.fr\/index.php\/wp-json\/wp\/v2\/media?parent=413"}],"curies":[{"name":"wp","href":"https:\/\/api.w.org\/{rel}","templated":true}]}}