{"id":419,"date":"2022-11-27T12:38:43","date_gmt":"2022-11-27T11:38:43","guid":{"rendered":"https:\/\/horizonverde.fr\/?page_id=419"},"modified":"2023-02-02T18:31:08","modified_gmt":"2023-02-02T17:31:08","slug":"liens-utiles","status":"publish","type":"page","link":"https:\/\/horizonverde.fr\/index.php\/liens-utiles\/","title":{"rendered":"LIENS UTILES"},"content":{"rendered":"\n<figure class=\"wp-block-image size-full is-resized\"><img loading=\"lazy\" decoding=\"async\" src=\"https:\/\/horizonverde.fr\/wp-content\/uploads\/2023\/02\/informatique2-1024x576-1.jpg\" alt=\"\" class=\"wp-image-935\" width=\"1024\" height=\"576\" srcset=\"https:\/\/horizonverde.fr\/wp-content\/uploads\/2023\/02\/informatique2-1024x576-1.jpg 1024w, https:\/\/horizonverde.fr\/wp-content\/uploads\/2023\/02\/informatique2-1024x576-1-300x169.jpg 300w, https:\/\/horizonverde.fr\/wp-content\/uploads\/2023\/02\/informatique2-1024x576-1-768x432.jpg 768w\" sizes=\"auto, (max-width: 1024px) 100vw, 1024px\" \/><\/figure>\n\n\n\n<p><\/p>\n\n\n\n<p class=\"has-text-align-center has-text-color has-background\" style=\"color:#1a382f;background-color:#c4d64c;font-size:19px\"><strong>112 NUM\u00c9RO D&rsquo;APPEL D&rsquo;URGENCE EUROP\u00c9EN \/ 15 SAMU \/ 17 POLICE SECOURS<\/strong><\/p>\n\n\n\n<p class=\"has-text-align-center has-text-color has-background\" style=\"color:#1a382f;background-color:#c4d64c;font-size:19px\"><strong>18 SAPEURS POMPIERS<\/strong> \/ <strong>114 URGENCES SOURDS &amp; MALENTENDANTS<\/strong><\/p>\n\n\n\n<p>    <\/p>\n\n\n\n<p>  <\/p>\n\n\n\n<p class=\"has-text-color has-background has-large-font-size\" style=\"color:#1a382f;background-color:#c4d64c\"><strong>Nantes M\u00e9tropole P\u00f4le Loire-Ch\u00e9zine<\/strong><\/p>\n\n\n\n<p class=\"has-medium-font-size\">Le p\u00f4le Loire-Ch\u00e9zine r\u00e9pondra \u00e0 vos questions sur l&rsquo;assainissement, les d\u00e9chets, le d\u00e9veloppement \u00e9conomique, le d\u00e9veloppement urbain, l&rsquo;espace public, la propret\u00e9 et le nettoiement, l&rsquo;urbanisme r\u00e8glementaire, la voirie.<\/p>\n\n\n\n<p class=\"has-medium-font-size\"><strong>Ligne 73. Arr\u00eat Fran\u00e7ois Mitterand. Ligne 84 Arr\u00eat Fran\u00e7ois Mitterand. Tram 1 Arr\u00eat Fran\u00e7ois Mitterand.<\/strong><\/p>\n\n\n\n<p class=\"has-medium-font-size\"><strong>Ouvert du lundi au vendredi de 08:30 \u00e0 12:30 et de 13:30 \u00e0 17:30 (ferm\u00e9 les jours f\u00e9ri\u00e9s).<\/strong><\/p>\n\n\n\n<p class=\"has-medium-font-size\"><strong>02 28 03 41 50<\/strong><\/p>\n\n\n\n<p class=\"has-medium-font-size\"><strong>pole-loire-chezine@nantesmetropole.fr<\/strong><\/p>\n\n\n\n<p class=\"has-medium-font-size\"><a href=\"https:\/\/metropole.nantes.fr\/infonantes\/equipement\/E3149-pole-de-proximite-loire-chezine\" data-type=\"URL\" data-id=\"https:\/\/metropole.nantes.fr\/infonantes\/equipement\/E3149-pole-de-proximite-loire-chezine\">https:\/\/metropole.nantes.fr\/infonantes\/equipement\/E3149-pole-de-proximite-loire-chezine<\/a><\/p>\n\n\n\n<p class=\"has-text-color has-background has-large-font-size\" style=\"color:#1a382f;background-color:#c4d64c\"><strong>Ville de Saint-Herblain<\/strong><\/p>\n\n\n\n<p class=\"has-medium-font-size\">Pour les services, d\u00e9marches citoyennes, la culture, le sport, les balades dans les parcs, les actualit\u00e9s&#8230;, votre Mairie vous accueille.<\/p>\n\n\n\n<p class=\"has-medium-font-size\"><strong>Ouvert du lundi au vendredi de 08:30 \u00e0 12:30 et de 13:30 \u00e0 17:30, le samedi de 09:00 \u00e0 12:00 (ferm\u00e9 les jours f\u00e9ri\u00e9s).<\/strong><\/p>\n\n\n\n<p class=\"has-medium-font-size\"><strong>2 rue de l&rsquo;H\u00f4tel de ville, 44800 Saint-Herblain.<\/strong><\/p>\n\n\n\n<p class=\"has-medium-font-size\"><strong>02 28 25 20 00<\/strong><\/p>\n\n\n\n<p class=\"has-medium-font-size\"><a href=\"https:\/\/www.saint-herblain.fr\/\" data-type=\"URL\" data-id=\"https:\/\/www.saint-herblain.fr\/\">https:\/\/www.saint-herblain.fr\/<\/a><\/p>\n\n\n\n<p><\/p>\n\n\n\n<p class=\"has-text-color has-background has-large-font-size\" style=\"color:#1a382f;background-color:#c4d64c\"><strong>La Poste<\/strong><\/p>\n\n\n\n<p class=\"has-medium-font-size\"><strong>Ouvert les lundi, mercredi, jeudi vendredi de 09:00 \u00e0 12:30 et de 14:00 \u00e0 18:00,<\/strong><\/p>\n\n\n\n<p class=\"has-medium-font-size\"><strong>Le mardi de 09:00 \u00e0 12:30 et de 14:00 \u00e0 17:00. <\/strong><\/p>\n\n\n\n<p class=\"has-medium-font-size\"><strong>Le samedi de 09:00 \u00e0 12:30.<\/strong><\/p>\n\n\n\n<p class=\"has-medium-font-size\"><strong>(ferm\u00e9 les jours f\u00e9ri\u00e9s)<\/strong><\/p>\n\n\n\n<p class=\"has-medium-font-size\"><strong>Rue Pablo Neruda \/ Boulevard Salvadore Allende<\/strong><\/p>\n\n\n\n<p class=\"has-medium-font-size\"><strong>44800 Saint-Herblain<\/strong><\/p>\n\n\n\n<p class=\"has-medium-font-size\"><a href=\"https:\/\/localiser.laposte.fr\/loire-atlantique\/st-herblain\/saint-herblain-pablo-neruda-441620\" data-type=\"URL\" data-id=\"https:\/\/localiser.laposte.fr\/loire-atlantique\/st-herblain\/saint-herblain-pablo-neruda-441620\">https:\/\/localiser.laposte.fr\/loire-atlantique\/st-herblain\/saint-herblain-pablo-neruda-441620<\/a><\/p>\n\n\n\n<p class=\"has-text-color has-background has-large-font-size\" style=\"color:#1a382f;background-color:#c4d64c\"><strong>Service-public.fr<\/strong><\/p>\n\n\n\n<p class=\"has-medium-font-size\">Le site officiel de l&rsquo;administration Fran\u00e7aise.<\/p>\n\n\n\n<p class=\"has-medium-font-size\"><a href=\"https:\/\/www.service-public.fr\/\" data-type=\"URL\" data-id=\"https:\/\/www.service-public.fr\/\">https:\/\/www.service-public.fr\/<\/a><\/p>\n\n\n\n<p class=\"has-text-color has-background has-large-font-size\" style=\"color:#1a382f;background-color:#c4d64c\"><strong>Pr\u00e9fecture de Loire-Atlantique<\/strong><\/p>\n\n\n\n<p class=\"has-medium-font-size\">6 Quai Ceineray<\/p>\n\n\n\n<p class=\"has-medium-font-size\">44000 Nantes<\/p>\n\n\n\n<p class=\"has-medium-font-size\"><a href=\"https:\/\/www.loire-atlantique.gouv.fr\/\" data-type=\"URL\" data-id=\"https:\/\/www.loire-atlantique.gouv.fr\/\">https:\/\/www.loire-atlantique.gouv.fr\/<\/a><\/p>\n\n\n\n<p class=\"has-text-color has-background has-large-font-size\" style=\"color:#1a382f;background-color:#c4d64c\"><strong>Centre g\u00e9n\u00e9ral des finances publiques<\/strong><\/p>\n\n\n\n<p class=\"has-medium-font-size\">2 Rue G\u00e9n\u00e9ral Margueritte <\/p>\n\n\n\n<p class=\"has-medium-font-size\">44000 Nantes<\/p>\n\n\n\n<p class=\"has-medium-font-size\"><a href=\"http:\/\/impots.gouv.fr\" data-type=\"URL\" data-id=\"impots.gouv.fr\">impots.gouv.fr<\/a><\/p>\n\n\n\n<p><\/p>\n\n\n\n<p class=\"has-text-color has-background has-large-font-size\" style=\"color:#1a382f;background-color:#c4d64c\"><strong>Energie-info.fr<\/strong><\/p>\n\n\n\n<p class=\"has-medium-font-size\">Pour choisir votre fournisseur d&rsquo;\u00e9nergie, vous trouverez le site d&rsquo;information du m\u00e9diateur national de l&rsquo;\u00e9nergie, autorit\u00e9 publique ind\u00e9pendante via ce lien : <\/p>\n\n\n\n<p class=\"has-medium-font-size\"><a href=\"https:\/\/www.energie-info.fr\/\" data-type=\"URL\" data-id=\"https:\/\/www.energie-info.fr\/\">https:\/\/www.energie-info.fr\/<\/a> <\/p>\n\n\n\n<p class=\"has-text-color has-background has-large-font-size\" style=\"color:#1a382f;background-color:#c4d64c\"><strong>Mesdroitssociaux.gouv.fr<\/strong><\/p>\n\n\n\n<p class=\"has-medium-font-size\">Consultez vos droits, simulez vos prestations, effectuez vos d\u00e9marches<\/p>\n\n\n\n<p class=\"has-medium-font-size\"><a href=\"https:\/\/www.mesdroitssociaux.gouv.fr\/accueil\/?utm_source=mes-aides-accueil&amp;utm_medium=alternative\" data-type=\"URL\" data-id=\"https:\/\/www.mesdroitssociaux.gouv.fr\/accueil\/?utm_source=mes-aides-accueil&amp;utm_medium=alternative\">https:\/\/www.mesdroitssociaux.gouv.fr\/accueil\/?utm_source=mes-aides-accueil&amp;utm_medium=alternative<\/a><\/p>\n","protected":false},"excerpt":{"rendered":"<p>112 NUM\u00c9RO D&rsquo;APPEL D&rsquo;URGENCE EUROP\u00c9EN \/ 15 SAMU \/ 17 POLICE SECOURS 18 SAPEURS POMPIERS \/ 114 URGENCES SOURDS &amp; MALENTENDANTS Nantes M\u00e9tropole P\u00f4le Loire-Ch\u00e9zine Le p\u00f4le Loire-Ch\u00e9zine r\u00e9pondra \u00e0 vos questions sur l&rsquo;assainissement, les d\u00e9chets, le d\u00e9veloppement \u00e9conomique, le d\u00e9veloppement urbain, l&rsquo;espace public, la propret\u00e9 et le nettoiement, l&rsquo;urbanisme r\u00e8glementaire, la voirie. Ligne 73. <a class=\"read-more\" href=\"https:\/\/horizonverde.fr\/index.php\/liens-utiles\/\">READ MORE<\/a><\/p>\n","protected":false},"author":2,"featured_media":0,"parent":0,"menu_order":0,"comment_status":"closed","ping_status":"closed","template":"","meta":{"_mi_skip_tracking":false,"_monsterinsights_sitenote_active":false,"_monsterinsights_sitenote_note":"","_monsterinsights_sitenote_category":0,"footnotes":""},"class_list":["post-419","page","type-page","status-publish","hentry"],"_links":{"self":[{"href":"https:\/\/horizonverde.fr\/index.php\/wp-json\/wp\/v2\/pages\/419","targetHints":{"allow":["GET"]}}],"collection":[{"href":"https:\/\/horizonverde.fr\/index.php\/wp-json\/wp\/v2\/pages"}],"about":[{"href":"https:\/\/horizonverde.fr\/index.php\/wp-json\/wp\/v2\/types\/page"}],"author":[{"embeddable":true,"href":"https:\/\/horizonverde.fr\/index.php\/wp-json\/wp\/v2\/users\/2"}],"replies":[{"embeddable":true,"href":"https:\/\/horizonverde.fr\/index.php\/wp-json\/wp\/v2\/comments?post=419"}],"version-history":[{"count":33,"href":"https:\/\/horizonverde.fr\/index.php\/wp-json\/wp\/v2\/pages\/419\/revisions"}],"predecessor-version":[{"id":936,"href":"https:\/\/horizonverde.fr\/index.php\/wp-json\/wp\/v2\/pages\/419\/revisions\/936"}],"wp:attachment":[{"href":"https:\/\/horizonverde.fr\/index.php\/wp-json\/wp\/v2\/media?parent=419"}],"curies":[{"name":"wp","href":"https:\/\/api.w.org\/{rel}","templated":true}]}}