{"id":51,"date":"2022-11-24T21:06:17","date_gmt":"2022-11-24T20:06:17","guid":{"rendered":"http:\/\/horizonverde.fr\/?page_id=51"},"modified":"2023-02-02T17:54:35","modified_gmt":"2023-02-02T16:54:35","slug":"dechets","status":"publish","type":"page","link":"https:\/\/horizonverde.fr\/index.php\/dechets\/","title":{"rendered":"D\u00c9CHETS"},"content":{"rendered":"\n<figure class=\"wp-block-image size-large is-resized\"><img loading=\"lazy\" decoding=\"async\" src=\"https:\/\/horizonverde.fr\/wp-content\/uploads\/2023\/02\/collecte-dechets-1er-janvier-2023-1024x576.jpeg\" alt=\"\" class=\"wp-image-915\" width=\"1019\" height=\"573\" srcset=\"https:\/\/horizonverde.fr\/wp-content\/uploads\/2023\/02\/collecte-dechets-1er-janvier-2023-1024x576.jpeg 1024w, https:\/\/horizonverde.fr\/wp-content\/uploads\/2023\/02\/collecte-dechets-1er-janvier-2023-300x169.jpeg 300w, https:\/\/horizonverde.fr\/wp-content\/uploads\/2023\/02\/collecte-dechets-1er-janvier-2023-768x432.jpeg 768w, https:\/\/horizonverde.fr\/wp-content\/uploads\/2023\/02\/collecte-dechets-1er-janvier-2023.jpeg 1108w\" sizes=\"auto, (max-width: 1019px) 100vw, 1019px\" \/><\/figure>\n\n\n\n<p><\/p>\n\n\n\n<p><\/p>\n\n\n\n<p class=\"has-medium-font-size\">Certains d\u00e9chets m\u00e9nagers sont recyclables et doivent \u00eatre s\u00e9par\u00e9s des autres d\u00e9chets. Des prestataires travaillant pour le compte de Nantes M\u00e9tropole assurent la collecte et la gestion du traitement des d\u00e9chets recyclables. <\/p>\n\n\n\n<p class=\"has-medium-font-size\"><strong>On peut distinguer quatre grandes familles de d\u00e9chets recyclables :<\/strong><\/p>\n\n\n\n<ul class=\"wp-block-list\">\n<li>Papier et carton : briques vides, emballages carton, journaux et magazines&#8230;<\/li>\n\n\n\n<li>Plastique : bouteilles et bouchons, flacons de lessive ou produits d&rsquo;entretiens&#8230;<\/li>\n\n\n\n<li>M\u00e9tal : barquettes, canettes, bo\u00eetes de conserve, a\u00e9rosols&#8230;<\/li>\n\n\n\n<li>Verres<\/li>\n<\/ul>\n\n\n\n<p class=\"has-text-color has-background has-large-font-size\" style=\"color:#1a382f;background-color:#c4d64c;font-style:normal;font-weight:700\"><strong>Collecte par bacs :<\/strong> <\/p>\n\n\n\n<figure class=\"wp-block-image size-large is-resized\"><img loading=\"lazy\" decoding=\"async\" src=\"https:\/\/horizonverde.fr\/wp-content\/uploads\/2022\/11\/IMG_0561-768x1024.jpeg\" alt=\"\" class=\"wp-image-400\" width=\"176\" height=\"235\"\/><\/figure>\n\n\n\n<p class=\"has-medium-font-size\">Les d\u00e9chets recyclables doivent \u00eatre mis directement dans les bacs jaunes, <strong>en vrac<\/strong>.<\/p>\n\n\n\n<p class=\"has-medium-font-size\"><strong>Les sacs transparents sont strictement interdits.<\/strong><\/p>\n\n\n\n<p> <\/p>\n\n\n\n<figure class=\"wp-block-image size-large is-resized\"><img loading=\"lazy\" decoding=\"async\" src=\"https:\/\/horizonverde.fr\/wp-content\/uploads\/2022\/11\/IMG_0564-768x1024.jpeg\" alt=\"\" class=\"wp-image-402\" width=\"177\" height=\"236\"\/><\/figure>\n\n\n\n<p class=\"has-medium-font-size\">Les d\u00e9chets m\u00e9nagers non recyclables doivent \u00eatre mis dans les bacs bleus, dans un sac poubelle standard <strong>bien ferm\u00e9<\/strong>.<\/p>\n\n\n\n<p class=\"has-text-color has-background has-large-font-size\" style=\"color:#1a382f;background-color:#c4d64c;font-style:normal;font-weight:700\">Collecte des verres : <\/p>\n\n\n\n<p class=\"has-text-color has-medium-font-size\" style=\"color:#c4d64c\"><strong>Il est interdit de d\u00e9poser du verre dans les bacs de ramassage ou dans le local poubelles<\/strong>. Des points d&rsquo;apport volontaire d\u00e9di\u00e9s sont r\u00e9partis dans toute la commune.<\/p>\n\n\n\n<p style=\"font-size:25px\"><strong>Points d&rsquo;apport pr\u00e8s de votre r\u00e9sidence :<\/strong><\/p>\n\n\n\n<p class=\"has-medium-font-size\"><strong>Avenue Condorcet, \u00e0 230 m de chez vous.<\/strong><\/p>\n\n\n\n<figure class=\"wp-block-image size-full is-resized\"><img loading=\"lazy\" decoding=\"async\" src=\"https:\/\/horizonverde.fr\/wp-content\/uploads\/2023\/02\/Capture-decran-2023-02-02-a-17.49.28.jpeg\" alt=\"\" class=\"wp-image-917\" width=\"1019\" height=\"1019\" srcset=\"https:\/\/horizonverde.fr\/wp-content\/uploads\/2023\/02\/Capture-decran-2023-02-02-a-17.49.28.jpeg 900w, https:\/\/horizonverde.fr\/wp-content\/uploads\/2023\/02\/Capture-decran-2023-02-02-a-17.49.28-300x300.jpeg 300w, https:\/\/horizonverde.fr\/wp-content\/uploads\/2023\/02\/Capture-decran-2023-02-02-a-17.49.28-150x150.jpeg 150w, https:\/\/horizonverde.fr\/wp-content\/uploads\/2023\/02\/Capture-decran-2023-02-02-a-17.49.28-768x768.jpeg 768w\" sizes=\"auto, (max-width: 1019px) 100vw, 1019px\" \/><\/figure>\n\n\n\n<ul class=\"wp-block-list\">\n<li>Verre.<\/li>\n\n\n\n<li>Emballages, journaux, magazines.<\/li>\n\n\n\n<li>Conteneur LE RELAIS \u00e0 350 m, 2 avenue Condorcet \u00e0 l&rsquo;entr\u00e9e du cimeti\u00e8re du Tillay.<\/li>\n<\/ul>\n\n\n\n<p class=\"has-medium-font-size\"><strong>Esplanade des 4 ventes, \u00e0 570m de chez vous.<\/strong><\/p>\n\n\n\n<figure class=\"wp-block-image size-full is-resized\"><img loading=\"lazy\" decoding=\"async\" src=\"https:\/\/horizonverde.fr\/wp-content\/uploads\/2023\/02\/Capture-decran-2023-02-02-a-17.51.03.jpeg\" alt=\"\" class=\"wp-image-918\" width=\"1019\" height=\"1019\" srcset=\"https:\/\/horizonverde.fr\/wp-content\/uploads\/2023\/02\/Capture-decran-2023-02-02-a-17.51.03.jpeg 900w, https:\/\/horizonverde.fr\/wp-content\/uploads\/2023\/02\/Capture-decran-2023-02-02-a-17.51.03-300x300.jpeg 300w, https:\/\/horizonverde.fr\/wp-content\/uploads\/2023\/02\/Capture-decran-2023-02-02-a-17.51.03-150x150.jpeg 150w, https:\/\/horizonverde.fr\/wp-content\/uploads\/2023\/02\/Capture-decran-2023-02-02-a-17.51.03-768x768.jpeg 768w\" sizes=\"auto, (max-width: 1019px) 100vw, 1019px\" \/><\/figure>\n\n\n\n<ul class=\"wp-block-list\">\n<li>Verre.<\/li>\n\n\n\n<li>Emballages, journaux, magazines.<\/li>\n\n\n\n<li>Conteneur LE RELAIS.<\/li>\n<\/ul>\n\n\n\n<p style=\"font-size:25px\"><strong>Stop pub<\/strong><\/p>\n\n\n\n<figure class=\"wp-block-image size-full\"><img loading=\"lazy\" decoding=\"async\" width=\"261\" height=\"143\" src=\"https:\/\/horizonverde.fr\/wp-content\/uploads\/2023\/02\/Unknown.jpeg\" alt=\"\" class=\"wp-image-920\"\/><\/figure>\n\n\n\n<p class=\"has-medium-font-size\">Afin de limiter vos d\u00e9chets papiers, des STOP PUB sont disponibles gratuitement, aupr\u00e8s de votre conseil syndical sur demande via le lien situ\u00e9 en haut \u00e0 droite de cette page.<\/p>\n\n\n\n<p class=\"has-text-color has-background has-large-font-size\" style=\"color:#1a382f;background-color:#c4d64c\"><strong>Collecte des encombrants<\/strong><\/p>\n\n\n\n<p class=\"has-text-color has-medium-font-size\" style=\"color:#c4d64c\"><strong>Il est strictement interdit de d\u00e9poser des encombrants dans le local poubelles. Les contrevenants se verrons syst\u00e9matiquement factur\u00e9s pour le retirement de ces derniers.<\/strong> Des solutions sont propos\u00e9es par Nantes M\u00e9tropole pour vous d\u00e9barrasser de vos encombrants.<\/p>\n\n\n\n<p style=\"font-size:25px\"><strong>En bref<\/strong><\/p>\n\n\n\n<p class=\"has-medium-font-size\">Les encombrants sont des ordures m\u00e9nag\u00e8res qui ne rentrent pas dans le bac ou sont en quantit\u00e9s importantes. Comme pour les autres types de d\u00e9chets, la collecte et le traitement des encombrants est une comp\u00e9tence de Nantes M\u00e9tropole. Selon le type de d\u00e9chets, plusieurs possibilit\u00e9s sont propos\u00e9es pour s&rsquo;en d\u00e9barrasser.<\/p>\n\n\n\n<p style=\"font-size:25px\"><strong>Pour qui ? <\/strong><\/p>\n\n\n\n<p class=\"has-medium-font-size\">Tous les particuliers r\u00e9sidant \u00e0 Saint-Herblain. Des dispositions particuli\u00e8res sont appliqu\u00e9es aux professionnels (prendre contact avec Nantes M\u00e9tropole).<\/p>\n\n\n\n<p style=\"font-size:25px\"><strong>La d\u00e9marche<\/strong><\/p>\n\n\n\n<p class=\"has-medium-font-size\">Le ramassage des encombrants se fait uniquement sur rendez-vous au num\u00e9ro vert suivant : 0 800 007 076 du lundi au samedi, de 8h \u00e0 18h. Le ramassage se fera dans le mois suivant l&rsquo;appel. Les locataires et copropri\u00e9taires peuvent se rapprocher de leur bailleur social ou syndic pour organiser les modalit\u00e9s de pr\u00e9sentation. Dans les secteurs pavillonnaires et collectifs, il convient de pr\u00e9senter ses encombrants \u00e0 cot\u00e9 des bacs \u00e0 ordures avant 8h, le jour fix\u00e9 pour leur collecte. \u00c0 noter aussi que lors de l&rsquo;achat d&rsquo;un appareil \u00e9lectrique neuf, le vendeur est tenu de reprendre l&rsquo;ancien mat\u00e9riel. Certains magasins acceptent m\u00eame de reprendre le mat\u00e9riel usag\u00e9 sans obligation de rachat. \u00c0 noter que certains objets peuvent \u00eatre transform\u00e9s ou recycl\u00e9s par des structures associatives de r\u00e9emploi. Les d\u00e9ch\u00e8teries de Nantes M\u00e9tropole acceptent les encombrants mais aussi d&rsquo;autres types de d\u00e9chets : d\u00e9chets verts, gravats, tout venant, d\u00e9chets d&rsquo;\u00e9quipement \u00e9lectriques et \u00e9lectroniques, m\u00e9taux et ferrailles, cartons&#8230; <\/p>\n\n\n\n<p>Plus d&rsquo;infos sur <a href=\"https:\/\/metropole.nantes.fr\/dechets-encombrants\" data-type=\"URL\" data-id=\"https:\/\/metropole.nantes.fr\/dechets-encombrants\">https:\/\/metropole.nantes.fr\/dechets-encombrants<\/a><\/p>\n\n\n\n<p class=\"has-medium-font-size\">Retrouvez les horaires d&rsquo;ouverture des d\u00e9ch\u00e8teries de Tougas et d&rsquo;Orvault sur <a href=\"https:\/\/metropole.nantes.fr\/carte-decheteries\" data-type=\"URL\" data-id=\"https:\/\/metropole.nantes.fr\/carte-decheteries\">metropole.nantes.fr<\/a><\/p>\n\n\n\n<p class=\"has-text-color has-background has-large-font-size\" style=\"color:#1a382f;background-color:#c4d64c\"><strong>D\u00e9chetteries<\/strong><\/p>\n\n\n\n<p class=\"has-medium-font-size\"><strong>Tougas (5km)<\/strong><\/p>\n\n\n\n<figure class=\"wp-block-image size-large is-resized\"><img loading=\"lazy\" decoding=\"async\" src=\"https:\/\/horizonverde.fr\/wp-content\/uploads\/2022\/11\/Sans-titre-4-1024x724.jpg\" alt=\"\" class=\"wp-image-366\" width=\"303\" height=\"214\"\/><\/figure>\n\n\n\n<p class=\"has-medium-font-size\">Ouverte du lundi au dimanche de 10:00 \u00e0 17:45 (sauf jours f\u00e9ri\u00e9s).<\/p>\n\n\n\n<p class=\"has-medium-font-size\">Chemin de Tougas, 44800 Saint-Herblain<\/p>\n\n\n\n<p class=\"has-medium-font-size\">Tel : 02 51 80 90 27<\/p>\n\n\n\n<p> <\/p>\n\n\n\n<p class=\"has-medium-font-size\"><strong>Orvault (5km)<\/strong><\/p>\n\n\n\n<figure class=\"wp-block-image size-full is-resized\"><img loading=\"lazy\" decoding=\"async\" src=\"https:\/\/horizonverde.fr\/wp-content\/uploads\/2022\/11\/decheterie.jpg\" alt=\"\" class=\"wp-image-367\" width=\"303\" height=\"147\"\/><\/figure>\n\n\n\n<p class=\"has-medium-font-size\">Ouverte du lundi au dimanche de 10:00 \u00e0 17:45 (sauf jours f\u00e9ri\u00e9s).<\/p>\n\n\n\n<p class=\"has-medium-font-size\">Rue Ren\u00e9 Panhard, 44700 Orvault<\/p>\n\n\n\n<p class=\"has-medium-font-size\">T\u00e9l : 02 40 63 06 76<\/p>\n\n\n\n<p><\/p>\n\n\n\n<p><\/p>\n","protected":false},"excerpt":{"rendered":"<p>Certains d\u00e9chets m\u00e9nagers sont recyclables et doivent \u00eatre s\u00e9par\u00e9s des autres d\u00e9chets. Des prestataires travaillant pour le compte de Nantes M\u00e9tropole assurent la collecte et la gestion du traitement des d\u00e9chets recyclables. On peut distinguer quatre grandes familles de d\u00e9chets recyclables : Collecte par bacs : Les d\u00e9chets recyclables doivent \u00eatre mis directement dans les <a class=\"read-more\" href=\"https:\/\/horizonverde.fr\/index.php\/dechets\/\">READ MORE<\/a><\/p>\n","protected":false},"author":2,"featured_media":0,"parent":0,"menu_order":0,"comment_status":"closed","ping_status":"closed","template":"","meta":{"_mi_skip_tracking":false,"_monsterinsights_sitenote_active":false,"_monsterinsights_sitenote_note":"","_monsterinsights_sitenote_category":0,"footnotes":""},"class_list":["post-51","page","type-page","status-publish","hentry"],"_links":{"self":[{"href":"https:\/\/horizonverde.fr\/index.php\/wp-json\/wp\/v2\/pages\/51","targetHints":{"allow":["GET"]}}],"collection":[{"href":"https:\/\/horizonverde.fr\/index.php\/wp-json\/wp\/v2\/pages"}],"about":[{"href":"https:\/\/horizonverde.fr\/index.php\/wp-json\/wp\/v2\/types\/page"}],"author":[{"embeddable":true,"href":"https:\/\/horizonverde.fr\/index.php\/wp-json\/wp\/v2\/users\/2"}],"replies":[{"embeddable":true,"href":"https:\/\/horizonverde.fr\/index.php\/wp-json\/wp\/v2\/comments?post=51"}],"version-history":[{"count":18,"href":"https:\/\/horizonverde.fr\/index.php\/wp-json\/wp\/v2\/pages\/51\/revisions"}],"predecessor-version":[{"id":921,"href":"https:\/\/horizonverde.fr\/index.php\/wp-json\/wp\/v2\/pages\/51\/revisions\/921"}],"wp:attachment":[{"href":"https:\/\/horizonverde.fr\/index.php\/wp-json\/wp\/v2\/media?parent=51"}],"curies":[{"name":"wp","href":"https:\/\/api.w.org\/{rel}","templated":true}]}}