{"id":52,"date":"2022-11-24T21:06:17","date_gmt":"2022-11-24T20:06:17","guid":{"rendered":"http:\/\/horizonverde.fr\/?page_id=52"},"modified":"2023-02-02T17:43:11","modified_gmt":"2023-02-02T16:43:11","slug":"prestataires","status":"publish","type":"page","link":"https:\/\/horizonverde.fr\/index.php\/prestataires\/","title":{"rendered":"PRESTATAIRES"},"content":{"rendered":"\n<figure class=\"wp-block-image size-full is-resized\"><img loading=\"lazy\" decoding=\"async\" src=\"https:\/\/horizonverde.fr\/wp-content\/uploads\/2023\/02\/nettoyage-parties-communes-immeuble.jpg\" alt=\"\" class=\"wp-image-911\" width=\"1020\" height=\"574\" srcset=\"https:\/\/horizonverde.fr\/wp-content\/uploads\/2023\/02\/nettoyage-parties-communes-immeuble.jpg 800w, https:\/\/horizonverde.fr\/wp-content\/uploads\/2023\/02\/nettoyage-parties-communes-immeuble-300x169.jpg 300w, https:\/\/horizonverde.fr\/wp-content\/uploads\/2023\/02\/nettoyage-parties-communes-immeuble-768x432.jpg 768w\" sizes=\"auto, (max-width: 1020px) 100vw, 1020px\" \/><\/figure>\n\n\n\n<p><\/p>\n\n\n\n<p class=\"has-medium-font-size\" style=\"font-style:normal;font-weight:500\">Dix prestataires assurent la gestion des \u00e9quipements de la copropri\u00e9t\u00e9.<\/p>\n\n\n\n<p class=\"has-medium-font-size\" style=\"font-style:normal;font-weight:500\">Pour en savoir plus, rendez-vous sur les liens dans le bandeau d\u00e9roulant en survolant l&rsquo;onglet \u00ab\u00a0prestataires\u00a0\u00bb.<\/p>\n","protected":false},"excerpt":{"rendered":"<p>Dix prestataires assurent la gestion des \u00e9quipements de la copropri\u00e9t\u00e9. Pour en savoir plus, rendez-vous sur les liens dans le bandeau d\u00e9roulant en survolant l&rsquo;onglet \u00ab\u00a0prestataires\u00a0\u00bb.<\/p>\n","protected":false},"author":2,"featured_media":0,"parent":0,"menu_order":0,"comment_status":"closed","ping_status":"closed","template":"","meta":{"_mi_skip_tracking":false,"_monsterinsights_sitenote_active":false,"_monsterinsights_sitenote_note":"","_monsterinsights_sitenote_category":0,"footnotes":""},"class_list":["post-52","page","type-page","status-publish","hentry"],"_links":{"self":[{"href":"https:\/\/horizonverde.fr\/index.php\/wp-json\/wp\/v2\/pages\/52","targetHints":{"allow":["GET"]}}],"collection":[{"href":"https:\/\/horizonverde.fr\/index.php\/wp-json\/wp\/v2\/pages"}],"about":[{"href":"https:\/\/horizonverde.fr\/index.php\/wp-json\/wp\/v2\/types\/page"}],"author":[{"embeddable":true,"href":"https:\/\/horizonverde.fr\/index.php\/wp-json\/wp\/v2\/users\/2"}],"replies":[{"embeddable":true,"href":"https:\/\/horizonverde.fr\/index.php\/wp-json\/wp\/v2\/comments?post=52"}],"version-history":[{"count":12,"href":"https:\/\/horizonverde.fr\/index.php\/wp-json\/wp\/v2\/pages\/52\/revisions"}],"predecessor-version":[{"id":912,"href":"https:\/\/horizonverde.fr\/index.php\/wp-json\/wp\/v2\/pages\/52\/revisions\/912"}],"wp:attachment":[{"href":"https:\/\/horizonverde.fr\/index.php\/wp-json\/wp\/v2\/media?parent=52"}],"curies":[{"name":"wp","href":"https:\/\/api.w.org\/{rel}","templated":true}]}}