{"id":53,"date":"2022-11-24T21:06:17","date_gmt":"2022-11-24T20:06:17","guid":{"rendered":"http:\/\/horizonverde.fr\/?page_id=53"},"modified":"2024-01-06T21:56:28","modified_gmt":"2024-01-06T20:56:28","slug":"reglement-interieur","status":"publish","type":"page","link":"https:\/\/horizonverde.fr\/index.php\/reglement-interieur\/","title":{"rendered":"R\u00c8GLEMENT INT\u00c9RIEUR"},"content":{"rendered":"\n<p class=\"has-medium-font-size\" style=\"font-style:normal;font-weight:500\">Un r\u00e8glement int\u00e9rieur est en place au sein de la copropri\u00e9t\u00e9.<\/p>\n\n\n\n<p style=\"font-size:23px;font-style:normal;font-weight:500\"><strong>Il s&rsquo;applique \u00e0 la fois pour les copropri\u00e9taires, mais aussi pour les locataires.<\/strong><\/p>\n\n\n\n<p class=\"has-medium-font-size\" style=\"font-style:normal;font-weight:500\">Vous pouvez le consulter ci-dessous : <\/p>\n\n\n\n<div data-wp-interactive=\"core\/file\" class=\"wp-block-file\"><object data-wp-bind--hidden=\"!state.hasPdfPreview\" hidden class=\"wp-block-file__embed\" data=\"https:\/\/horizonverde.fr\/wp-content\/uploads\/2024\/01\/REGLEMENT-INTERIEUR-2023pdf.pdf\" type=\"application\/pdf\" style=\"width:100%;height:600px\" aria-label=\"Contenu embarqu\u00e9 REGLEMENT-INTERIEUR-2023pdf.\"><\/object><a id=\"wp-block-file--media-de55cff9-82b5-4f01-823d-fbb9c8ecd7dd\" href=\"https:\/\/horizonverde.fr\/wp-content\/uploads\/2024\/01\/REGLEMENT-INTERIEUR-2023pdf.pdf\">REGLEMENT-INTERIEUR-2023pdf<\/a><a href=\"https:\/\/horizonverde.fr\/wp-content\/uploads\/2024\/01\/REGLEMENT-INTERIEUR-2023pdf.pdf\" class=\"wp-block-file__button wp-element-button\" download aria-describedby=\"wp-block-file--media-de55cff9-82b5-4f01-823d-fbb9c8ecd7dd\">T\u00e9l\u00e9charger<\/a><\/div>\n\n\n\n<div class=\"wp-block-file\"><a id=\"wp-block-file--media-51cd3019-a107-4525-8938-b875020ae27f\" href=\"https:\/\/horizonverde.fr\/wp-content\/uploads\/2022\/11\/Sans-titre.jpg\">Sans-titre<\/a><a href=\"https:\/\/horizonverde.fr\/wp-content\/uploads\/2022\/11\/Sans-titre.jpg\" class=\"wp-block-file__button wp-element-button\" download aria-describedby=\"wp-block-file--media-51cd3019-a107-4525-8938-b875020ae27f\">T\u00e9l\u00e9charger<\/a><\/div>\n\n\n\n<div data-wp-interactive=\"core\/file\" class=\"wp-block-file\"><object data-wp-bind--hidden=\"!state.hasPdfPreview\" hidden class=\"wp-block-file__embed\" data=\"https:\/\/horizonverde.fr\/wp-content\/uploads\/2023\/01\/Reglement-de-copropriete.pdf\" type=\"application\/pdf\" style=\"width:100%;height:600px\" aria-label=\"Contenu embarqu\u00e9 Reglement-de-copropriete.\"><\/object><a id=\"wp-block-file--media-3904f674-1e83-4fd0-9fbc-54207d8a218d\" href=\"https:\/\/horizonverde.fr\/wp-content\/uploads\/2023\/01\/Reglement-de-copropriete.pdf\">Reglement-de-copropriete<\/a><a href=\"https:\/\/horizonverde.fr\/wp-content\/uploads\/2023\/01\/Reglement-de-copropriete.pdf\" class=\"wp-block-file__button wp-element-button\" download aria-describedby=\"wp-block-file--media-3904f674-1e83-4fd0-9fbc-54207d8a218d\">T\u00e9l\u00e9charger<\/a><\/div>\n\n\n\n<div data-wp-interactive=\"core\/file\" class=\"wp-block-file\"><object data-wp-bind--hidden=\"!state.hasPdfPreview\" hidden class=\"wp-block-file__embed\" data=\"https:\/\/horizonverde.fr\/wp-content\/uploads\/2023\/01\/Modificatif-22-03-2019.pdf\" type=\"application\/pdf\" style=\"width:100%;height:600px\" aria-label=\"Contenu embarqu\u00e9 Modificatif-22-03-2019.\"><\/object><a id=\"wp-block-file--media-09235a5b-3514-4467-83e1-ec00c72a6391\" href=\"https:\/\/horizonverde.fr\/wp-content\/uploads\/2023\/01\/Modificatif-22-03-2019.pdf\">Modificatif-22-03-2019<\/a><a href=\"https:\/\/horizonverde.fr\/wp-content\/uploads\/2023\/01\/Modificatif-22-03-2019.pdf\" class=\"wp-block-file__button wp-element-button\" download aria-describedby=\"wp-block-file--media-09235a5b-3514-4467-83e1-ec00c72a6391\">T\u00e9l\u00e9charger<\/a><\/div>\n","protected":false},"excerpt":{"rendered":"<p>Un r\u00e8glement int\u00e9rieur est en place au sein de la copropri\u00e9t\u00e9. Il s&rsquo;applique \u00e0 la fois pour les copropri\u00e9taires, mais aussi pour les locataires. Vous pouvez le consulter ci-dessous :<\/p>\n","protected":false},"author":2,"featured_media":0,"parent":0,"menu_order":0,"comment_status":"closed","ping_status":"closed","template":"","meta":{"_mi_skip_tracking":false,"_monsterinsights_sitenote_active":false,"_monsterinsights_sitenote_note":"","_monsterinsights_sitenote_category":0,"footnotes":""},"class_list":["post-53","page","type-page","status-publish","hentry"],"_links":{"self":[{"href":"https:\/\/horizonverde.fr\/index.php\/wp-json\/wp\/v2\/pages\/53","targetHints":{"allow":["GET"]}}],"collection":[{"href":"https:\/\/horizonverde.fr\/index.php\/wp-json\/wp\/v2\/pages"}],"about":[{"href":"https:\/\/horizonverde.fr\/index.php\/wp-json\/wp\/v2\/types\/page"}],"author":[{"embeddable":true,"href":"https:\/\/horizonverde.fr\/index.php\/wp-json\/wp\/v2\/users\/2"}],"replies":[{"embeddable":true,"href":"https:\/\/horizonverde.fr\/index.php\/wp-json\/wp\/v2\/comments?post=53"}],"version-history":[{"count":8,"href":"https:\/\/horizonverde.fr\/index.php\/wp-json\/wp\/v2\/pages\/53\/revisions"}],"predecessor-version":[{"id":1088,"href":"https:\/\/horizonverde.fr\/index.php\/wp-json\/wp\/v2\/pages\/53\/revisions\/1088"}],"wp:attachment":[{"href":"https:\/\/horizonverde.fr\/index.php\/wp-json\/wp\/v2\/media?parent=53"}],"curies":[{"name":"wp","href":"https:\/\/api.w.org\/{rel}","templated":true}]}}