{"id":54,"date":"2022-11-24T21:06:17","date_gmt":"2022-11-24T20:06:17","guid":{"rendered":"http:\/\/horizonverde.fr\/?page_id=54"},"modified":"2023-02-02T18:11:48","modified_gmt":"2023-02-02T17:11:48","slug":"voisins-vigilants","status":"publish","type":"page","link":"https:\/\/horizonverde.fr\/index.php\/voisins-vigilants\/","title":{"rendered":"VOISINS VIGILANTS"},"content":{"rendered":"\n<figure class=\"wp-block-image size-large is-resized\"><img loading=\"lazy\" decoding=\"async\" src=\"https:\/\/horizonverde.fr\/wp-content\/uploads\/2023\/02\/voisinsvigilantsorg01-1200x630-1-1024x576.jpg\" alt=\"\" class=\"wp-image-931\" width=\"1018\" height=\"573\" srcset=\"https:\/\/horizonverde.fr\/wp-content\/uploads\/2023\/02\/voisinsvigilantsorg01-1200x630-1-1024x576.jpg 1024w, https:\/\/horizonverde.fr\/wp-content\/uploads\/2023\/02\/voisinsvigilantsorg01-1200x630-1-300x169.jpg 300w, https:\/\/horizonverde.fr\/wp-content\/uploads\/2023\/02\/voisinsvigilantsorg01-1200x630-1-768x432.jpg 768w, https:\/\/horizonverde.fr\/wp-content\/uploads\/2023\/02\/voisinsvigilantsorg01-1200x630-1.jpg 1120w\" sizes=\"auto, (max-width: 1018px) 100vw, 1018px\" \/><\/figure>\n\n\n\n<p><\/p>\n\n\n\n<p class=\"has-medium-font-size\" style=\"font-style:normal;font-weight:500\">Sous l&rsquo;impulsion du conseil syndical et suite aux nombreuses tentatives d&rsquo;intrusions, votre copropri\u00e9t\u00e9 est inscrite au programme Voisins Vigilants (enti\u00e8rement gratuit), afin de mettre en relation les r\u00e9sident(e)s pour lutter contre le fl\u00e9au des cambriolages et am\u00e9liorer leur cadre de vie de mani\u00e8re simple et gratuite.<\/p>\n\n\n\n<p class=\"has-medium-font-size\" style=\"font-style:normal;font-weight:500\">Selon le minist\u00e8re de l&rsquo;int\u00e9rieure, ce programme \u00e0 prouv\u00e9 son efficacit\u00e9 et fait diminuer d&rsquo;environ 40% les risques de cambriolages.<\/p>\n\n\n\n<p class=\"has-medium-font-size\" style=\"font-style:normal;font-weight:500\">Un rapport du S\u00e9nat pr\u00e9sente \u00e9galement un bilan co\u00fbt\/avantages tr\u00e8s int\u00e9ressant : <a href=\"http:\/\/www.senat.fr\/rap\/r21-454\/r21-4540.html?utm_source=sendinblue&amp;utm_campaign=24-03-2022%20-%20Newsletter%20162&amp;utm_medium=email#toc33\" data-type=\"URL\" data-id=\"http:\/\/www.senat.fr\/rap\/r21-454\/r21-4540.html?utm_source=sendinblue&amp;utm_campaign=24-03-2022%20-%20Newsletter%20162&amp;utm_medium=email#toc33\" target=\"_blank\" rel=\"noreferrer noopener\">http:\/\/www.senat.fr\/rap\/r21-454\/r21-4540.html?utm_source=sendinblue&amp;utm_campaign=24-03-2022%20-%20Newsletter%20162&amp;utm_medium=email#toc33<\/a><\/p>\n\n\n\n<p class=\"has-medium-font-size\" style=\"font-style:normal;font-weight:500\">Voici la vid\u00e9o de pr\u00e9sentation de Voisins Vigilants : <a href=\"https:\/\/www.youtube.com\/watch?v=OLcwhQwPzas\" data-type=\"URL\" data-id=\"https:\/\/www.youtube.com\/watch?v=OLcwhQwPzas\">https:\/\/www.youtube.com\/watch?v=OLcwhQwPzas<\/a><\/p>\n\n\n\n<p><\/p>\n\n\n\n<p><\/p>\n\n\n\n<h2 class=\"has-large-font-size wp-block-heading\" style=\"font-style:normal;font-weight:500\">POUR S&rsquo;INSCRIRE <\/h2>\n\n\n\n<p class=\"has-medium-font-size\" style=\"font-style:normal;font-weight:500\">1. Je me rends sur : <a href=\"http:\/\/www.voisinsvigilants.org\" data-type=\"URL\" data-id=\"www.voisinsvigilants.org\"><strong>www.voisinsvigilants.org<\/strong><\/a><\/p>\n\n\n\n<p class=\"has-medium-font-size\" style=\"font-style:normal;font-weight:500\">2. Je saisis mon adresse postale et mon adresse e-mail.<\/p>\n\n\n\n<p class=\"has-medium-font-size\" style=\"font-style:normal;font-weight:500\">3. Je rejoins la communaut\u00e9 Voisins Vigilants et Solidaires <strong>R\u00c9SIDENCE HORIZON VERDE<\/strong>.<\/p>\n\n\n\n<p class=\"has-medium-font-size\" style=\"font-style:normal;font-weight:500\">4. Je suis alert\u00e9 par mes voisins ou la Mairie \/ Police d\u00e8s qu&rsquo;un \u00e9v\u00e8nement se produit pr\u00e8s de mon domicile.<\/p>\n","protected":false},"excerpt":{"rendered":"<p>Sous l&rsquo;impulsion du conseil syndical et suite aux nombreuses tentatives d&rsquo;intrusions, votre copropri\u00e9t\u00e9 est inscrite au programme Voisins Vigilants (enti\u00e8rement gratuit), afin de mettre en relation les r\u00e9sident(e)s pour lutter contre le fl\u00e9au des cambriolages et am\u00e9liorer leur cadre de vie de mani\u00e8re simple et gratuite. Selon le minist\u00e8re de l&rsquo;int\u00e9rieure, ce programme \u00e0 prouv\u00e9 <a class=\"read-more\" href=\"https:\/\/horizonverde.fr\/index.php\/voisins-vigilants\/\">READ MORE<\/a><\/p>\n","protected":false},"author":2,"featured_media":0,"parent":0,"menu_order":0,"comment_status":"closed","ping_status":"closed","template":"","meta":{"_mi_skip_tracking":false,"_monsterinsights_sitenote_active":false,"_monsterinsights_sitenote_note":"","_monsterinsights_sitenote_category":0,"footnotes":""},"class_list":["post-54","page","type-page","status-publish","hentry"],"_links":{"self":[{"href":"https:\/\/horizonverde.fr\/index.php\/wp-json\/wp\/v2\/pages\/54","targetHints":{"allow":["GET"]}}],"collection":[{"href":"https:\/\/horizonverde.fr\/index.php\/wp-json\/wp\/v2\/pages"}],"about":[{"href":"https:\/\/horizonverde.fr\/index.php\/wp-json\/wp\/v2\/types\/page"}],"author":[{"embeddable":true,"href":"https:\/\/horizonverde.fr\/index.php\/wp-json\/wp\/v2\/users\/2"}],"replies":[{"embeddable":true,"href":"https:\/\/horizonverde.fr\/index.php\/wp-json\/wp\/v2\/comments?post=54"}],"version-history":[{"count":10,"href":"https:\/\/horizonverde.fr\/index.php\/wp-json\/wp\/v2\/pages\/54\/revisions"}],"predecessor-version":[{"id":932,"href":"https:\/\/horizonverde.fr\/index.php\/wp-json\/wp\/v2\/pages\/54\/revisions\/932"}],"wp:attachment":[{"href":"https:\/\/horizonverde.fr\/index.php\/wp-json\/wp\/v2\/media?parent=54"}],"curies":[{"name":"wp","href":"https:\/\/api.w.org\/{rel}","templated":true}]}}