{"id":758,"date":"2022-12-26T12:14:57","date_gmt":"2022-12-26T11:14:57","guid":{"rendered":"https:\/\/horizonverde.fr\/?page_id=758"},"modified":"2022-12-26T12:22:44","modified_gmt":"2022-12-26T11:22:44","slug":"mentions-legales","status":"publish","type":"page","link":"https:\/\/horizonverde.fr\/index.php\/mentions-legales\/","title":{"rendered":"MENTIONS L\u00c9GALES"},"content":{"rendered":"\n<p class=\"has-medium-font-size\">En application de la Loi 2000-719 relative \u00e0 la libert\u00e9 de la communication, modifiant la Loi 86-1067 du 30 septembre 1986 relative \u00e0 la libert\u00e9 de communication, vous trouverez ci-dessous les informations l\u00e9gales concernant le site :<\/p>\n\n\n\n<p class=\"has-text-color has-background has-large-font-size\" style=\"color:#1a382f;background-color:#c4d64c\"><strong>GESTION \u00c9DITORIALE<\/strong><\/p>\n\n\n\n<p class=\"has-medium-font-size\"><strong>CONSEIL SYNDICAL HORIZON VERDE<\/strong><\/p>\n\n\n\n<p class=\"has-medium-font-size\">R\u00c9SIDENCE HORIZON VERDE  \/  B\u00c2TIMENT B &#8211; SALLE DU CONSEIL  \/  21 AVENUE CONDORCET  \/  44800 SAINT-HERBLAIN  \/  FRANCE<\/p>\n\n\n\n<p class=\"has-medium-font-size\"><strong>Directeur de publication<\/strong> : Pr\u00e9sident du Conseil syndical.<\/p>\n\n\n\n<p class=\"has-medium-font-size\"><strong>Webmasters<\/strong> : Conseillers en charge du num\u00e9rique.<\/p>\n\n\n\n<p class=\"has-text-color has-background has-large-font-size\" style=\"color:#1a382f;background-color:#c4d64c\"><strong>DROIT D&rsquo;AUTEUR<\/strong><\/p>\n\n\n\n<p class=\"has-medium-font-size\">L&rsquo;ensemble de ce site rel\u00e8ve de la l\u00e9gislation Fran\u00e7aise et internationale sur le droit d&rsquo;auteur et la propri\u00e9t\u00e9 intellectuelle. Tous les droits de reproduction sont r\u00e9serv\u00e9s, y compris pour les documents t\u00e9l\u00e9chargeables et les repr\u00e9sentations iconographiques et photographiques. La reproduction de tout ou partie de ce site sur quelque support que ce soit est formellement interdite sauf notre autorisation expresse.<\/p>\n\n\n\n<p class=\"has-medium-font-size\">Malgr\u00e9 tous les soins apport\u00e9s \u00e0 la r\u00e9alisation de ce site et \u00e0 son actualisation r\u00e9guli\u00e8re, des erreurs peuvent s&rsquo;\u00eatre gliss\u00e9es dans les informations et\/ou documents pr\u00e9sent\u00e9s. Si vous en constatez n&rsquo;h\u00e9sitez pas \u00e0 nous le faire savoir en nous contactant, nous proc\u00e8derons aux rectifications correspondantes.<\/p>\n\n\n\n<p class=\"has-text-color has-background has-large-font-size\" style=\"color:#1a382f;background-color:#c4d64c\"><strong>EXACTITUDE DE L&rsquo;INFORMATION<\/strong><\/p>\n\n\n\n<p class=\"has-medium-font-size\">Nous mettons tous les moyens disponibles en oeuvre afin d&rsquo;offrir aux internautes un contenu de qualit\u00e9 sur ce site. Cependant, nous ne garantissons pas la compl\u00e9tude, l&rsquo;exhaustivit\u00e9 et l&rsquo;exactitude du contenu des informations et des services propos\u00e9s sur notre site.<\/p>\n\n\n\n<p class=\"has-text-color has-background has-large-font-size\" style=\"color:#1a382f;background-color:#c4d64c\"><strong>LIENS HYPERTEXTES VERS D&rsquo;AUTRES SITES<\/strong><\/p>\n\n\n\n<p class=\"has-medium-font-size\">La cr\u00e9ation de liens hypertextes vers le site horizonverde.fr ne peut \u00eatre faite qu&rsquo;avec l&rsquo;autorisation \u00e9crite et pr\u00e9alable du Conseil syndical Horizon Verde, qui pourra \u00eatre r\u00e9voqu\u00e9e \u00e0 tout moment. Le Conseil syndical Horizon Verde d\u00e9cline toute responsabilit\u00e9 concernant le contenu des sites li\u00e9s au site.<\/p>\n\n\n\n<p class=\"has-text-color has-background has-large-font-size\" style=\"color:#1a382f;background-color:#c4d64c\"><strong>RESPONSABILIT\u00c9 DU CONSEIL SYNDICAL HORIZON VERDE<\/strong><\/p>\n\n\n\n<p class=\"has-medium-font-size\">Dans les conditions autoris\u00e9es par la loi, le Conseil syndical Horizon Verde n&rsquo;encourt aucune responsabilit\u00e9 : pour toute impr\u00e9cision, inexactitude, omission ou pour tous dommages r\u00e9sultant d&rsquo;une intrusion d&rsquo;un tiers ayant entra\u00een\u00e9 une modification des informations mises \u00e0 disposition sur le site ou rendant impossible son acc\u00e8s.<\/p>\n\n\n\n<p class=\"has-medium-font-size\">Le visiteur est inform\u00e9 que l&rsquo;acc\u00e8s au site pourra \u00eatre interrompu \u00e0 tout moment par le Conseil syndical Horizon Verde pour des raisons de maintenance, de s\u00e9curit\u00e9 ou toute autre contrainte technique.<\/p>\n\n\n\n<p class=\"has-text-color has-background has-large-font-size\" style=\"color:#1a382f;background-color:#c4d64c\"><strong>DROIT APPLICABLE<\/strong><\/p>\n\n\n\n<p class=\"has-medium-font-size\">Les pr\u00e9sentes conditions sont r\u00e9gies par le droit Fran\u00e7ais. Les juridictions Fran\u00e7aises sont seules comp\u00e9tentes pour conna\u00eetre de tout litige se rapportant directement ou indirectement \u00e0 l&rsquo;acc\u00e8s au pr\u00e9sent site ou \u00e0 son utilisation.<\/p>\n\n\n\n<p class=\"has-text-color has-background has-large-font-size\" style=\"color:#1a382f;background-color:#c4d64c\"><strong>CONCEPTION ET R\u00c9ALISATION DU SITE WEB<\/strong><\/p>\n\n\n\n<p class=\"has-medium-font-size\"><strong>CONSEIL SYNDICAL HORIZON VERDE<\/strong><\/p>\n\n\n\n<p class=\"has-medium-font-size\">R\u00c9SIDENCE HORIZON VERDE  \/  B\u00c2TIMENT B &#8211; SALLE DU CONSEIL  \/  21 AVENUE CONDORCET  \/  44800 SAINT-HERBLAIN  \/  FRANCE<\/p>\n\n\n\n<p><\/p>\n","protected":false},"excerpt":{"rendered":"<p>En application de la Loi 2000-719 relative \u00e0 la libert\u00e9 de la communication, modifiant la Loi 86-1067 du 30 septembre 1986 relative \u00e0 la libert\u00e9 de communication, vous trouverez ci-dessous les informations l\u00e9gales concernant le site : GESTION \u00c9DITORIALE CONSEIL SYNDICAL HORIZON VERDE R\u00c9SIDENCE HORIZON VERDE \/ B\u00c2TIMENT B &#8211; SALLE DU CONSEIL \/ 21 <a class=\"read-more\" href=\"https:\/\/horizonverde.fr\/index.php\/mentions-legales\/\">READ MORE<\/a><\/p>\n","protected":false},"author":2,"featured_media":0,"parent":0,"menu_order":0,"comment_status":"closed","ping_status":"closed","template":"","meta":{"_mi_skip_tracking":false,"_monsterinsights_sitenote_active":false,"_monsterinsights_sitenote_note":"","_monsterinsights_sitenote_category":0,"footnotes":""},"class_list":["post-758","page","type-page","status-publish","hentry"],"_links":{"self":[{"href":"https:\/\/horizonverde.fr\/index.php\/wp-json\/wp\/v2\/pages\/758","targetHints":{"allow":["GET"]}}],"collection":[{"href":"https:\/\/horizonverde.fr\/index.php\/wp-json\/wp\/v2\/pages"}],"about":[{"href":"https:\/\/horizonverde.fr\/index.php\/wp-json\/wp\/v2\/types\/page"}],"author":[{"embeddable":true,"href":"https:\/\/horizonverde.fr\/index.php\/wp-json\/wp\/v2\/users\/2"}],"replies":[{"embeddable":true,"href":"https:\/\/horizonverde.fr\/index.php\/wp-json\/wp\/v2\/comments?post=758"}],"version-history":[{"count":16,"href":"https:\/\/horizonverde.fr\/index.php\/wp-json\/wp\/v2\/pages\/758\/revisions"}],"predecessor-version":[{"id":839,"href":"https:\/\/horizonverde.fr\/index.php\/wp-json\/wp\/v2\/pages\/758\/revisions\/839"}],"wp:attachment":[{"href":"https:\/\/horizonverde.fr\/index.php\/wp-json\/wp\/v2\/media?parent=758"}],"curies":[{"name":"wp","href":"https:\/\/api.w.org\/{rel}","templated":true}]}}