{"id":795,"date":"2022-12-19T14:02:25","date_gmt":"2022-12-19T13:02:25","guid":{"rendered":"https:\/\/horizonverde.fr\/?page_id=795"},"modified":"2023-02-02T17:57:22","modified_gmt":"2023-02-02T16:57:22","slug":"eau-potable","status":"publish","type":"page","link":"https:\/\/horizonverde.fr\/index.php\/eau-potable\/","title":{"rendered":"EAU POTABLE"},"content":{"rendered":"\n<figure class=\"wp-block-image size-full is-resized\"><img loading=\"lazy\" decoding=\"async\" src=\"https:\/\/horizonverde.fr\/wp-content\/uploads\/2023\/02\/eau-consommation-humaine.jpg\" alt=\"\" class=\"wp-image-922\" width=\"1018\" height=\"573\" srcset=\"https:\/\/horizonverde.fr\/wp-content\/uploads\/2023\/02\/eau-consommation-humaine.jpg 849w, https:\/\/horizonverde.fr\/wp-content\/uploads\/2023\/02\/eau-consommation-humaine-300x169.jpg 300w, https:\/\/horizonverde.fr\/wp-content\/uploads\/2023\/02\/eau-consommation-humaine-768x432.jpg 768w\" sizes=\"auto, (max-width: 1018px) 100vw, 1018px\" \/><\/figure>\n\n\n\n<p><\/p>\n\n\n\n<p><\/p>\n\n\n\n<p class=\"has-medium-font-size\">L&rsquo;eau potable est distribu\u00e9e par NANTES M\u00c9TROPOLE dans tous les b\u00e2timents.<\/p>\n\n\n\n<p class=\"has-medium-font-size\">Des compteurs individuels sont en place depuis 2022 pour tous les lots.<\/p>\n\n\n\n<p class=\"has-medium-font-size\">Pour plus de renseignements :<\/p>\n\n\n\n<p class=\"has-text-color has-background has-large-font-size\" style=\"color:#1a382f;background-color:#c4d64c\"><strong>NANTES M\u00c9TROPOLE<\/strong>  \/  <strong>DIRECTION DES OP\u00c9RATEURS PUBLICS DE L&rsquo;EAU ET DE L&rsquo;ASSAINISSEMENT<\/strong><\/p>\n\n\n\n<p class=\"has-medium-font-size\"><strong>100 BOULEVARD DE SEATTLE<\/strong><\/p>\n\n\n\n<p class=\"has-medium-font-size\"><strong>44923 NANTES CEDEX 9<\/strong><\/p>\n\n\n\n<p class=\"has-text-color\" style=\"color:#c4d64c;font-size:25px\"><strong>T\u00e9l  02  40  18  88  00  (du lundi au vendredi 08:00-18:00)<\/strong><\/p>\n","protected":false},"excerpt":{"rendered":"<p>L&rsquo;eau potable est distribu\u00e9e par NANTES M\u00c9TROPOLE dans tous les b\u00e2timents. Des compteurs individuels sont en place depuis 2022 pour tous les lots. Pour plus de renseignements : NANTES M\u00c9TROPOLE \/ DIRECTION DES OP\u00c9RATEURS PUBLICS DE L&rsquo;EAU ET DE L&rsquo;ASSAINISSEMENT 100 BOULEVARD DE SEATTLE 44923 NANTES CEDEX 9 T\u00e9l 02 40 18 88 00 (du <a class=\"read-more\" href=\"https:\/\/horizonverde.fr\/index.php\/eau-potable\/\">READ MORE<\/a><\/p>\n","protected":false},"author":2,"featured_media":0,"parent":0,"menu_order":0,"comment_status":"closed","ping_status":"closed","template":"","meta":{"_mi_skip_tracking":false,"_monsterinsights_sitenote_active":false,"_monsterinsights_sitenote_note":"","_monsterinsights_sitenote_category":0,"footnotes":""},"class_list":["post-795","page","type-page","status-publish","hentry"],"_links":{"self":[{"href":"https:\/\/horizonverde.fr\/index.php\/wp-json\/wp\/v2\/pages\/795","targetHints":{"allow":["GET"]}}],"collection":[{"href":"https:\/\/horizonverde.fr\/index.php\/wp-json\/wp\/v2\/pages"}],"about":[{"href":"https:\/\/horizonverde.fr\/index.php\/wp-json\/wp\/v2\/types\/page"}],"author":[{"embeddable":true,"href":"https:\/\/horizonverde.fr\/index.php\/wp-json\/wp\/v2\/users\/2"}],"replies":[{"embeddable":true,"href":"https:\/\/horizonverde.fr\/index.php\/wp-json\/wp\/v2\/comments?post=795"}],"version-history":[{"count":14,"href":"https:\/\/horizonverde.fr\/index.php\/wp-json\/wp\/v2\/pages\/795\/revisions"}],"predecessor-version":[{"id":924,"href":"https:\/\/horizonverde.fr\/index.php\/wp-json\/wp\/v2\/pages\/795\/revisions\/924"}],"wp:attachment":[{"href":"https:\/\/horizonverde.fr\/index.php\/wp-json\/wp\/v2\/media?parent=795"}],"curies":[{"name":"wp","href":"https:\/\/api.w.org\/{rel}","templated":true}]}}