{"id":798,"date":"2022-12-19T14:36:27","date_gmt":"2022-12-19T13:36:27","guid":{"rendered":"https:\/\/horizonverde.fr\/?page_id=798"},"modified":"2023-03-09T12:08:19","modified_gmt":"2023-03-09T11:08:19","slug":"television","status":"publish","type":"page","link":"https:\/\/horizonverde.fr\/index.php\/television\/","title":{"rendered":"T\u00c9L\u00c9VISION"},"content":{"rendered":"\n<figure class=\"wp-block-image size-large is-resized\"><img loading=\"lazy\" decoding=\"async\" src=\"https:\/\/horizonverde.fr\/wp-content\/uploads\/2023\/02\/antenne-terrestre-choisir-intro-68475932-jpg5c2c856a41b38500019a577a.jpg-1024x576.jpeg\" alt=\"\" class=\"wp-image-927\" width=\"1019\" height=\"573\" srcset=\"https:\/\/horizonverde.fr\/wp-content\/uploads\/2023\/02\/antenne-terrestre-choisir-intro-68475932-jpg5c2c856a41b38500019a577a.jpg-1024x576.jpeg 1024w, https:\/\/horizonverde.fr\/wp-content\/uploads\/2023\/02\/antenne-terrestre-choisir-intro-68475932-jpg5c2c856a41b38500019a577a.jpg-300x169.jpeg 300w, https:\/\/horizonverde.fr\/wp-content\/uploads\/2023\/02\/antenne-terrestre-choisir-intro-68475932-jpg5c2c856a41b38500019a577a.jpg-768x432.jpeg 768w, https:\/\/horizonverde.fr\/wp-content\/uploads\/2023\/02\/antenne-terrestre-choisir-intro-68475932-jpg5c2c856a41b38500019a577a.jpg.jpeg 1500w\" sizes=\"auto, (max-width: 1019px) 100vw, 1019px\" \/><\/figure>\n\n\n\n<p><\/p>\n\n\n\n<p class=\"has-medium-font-size\">Votre r\u00e9sidence est raccord\u00e9e \u00e0 une antenne collective, chaque logement peut ainsi recevoir les cha\u00eenes TNT.<\/p>\n","protected":false},"excerpt":{"rendered":"<p>Votre r\u00e9sidence est raccord\u00e9e \u00e0 une antenne collective, chaque logement peut ainsi recevoir les cha\u00eenes TNT.<\/p>\n","protected":false},"author":2,"featured_media":0,"parent":0,"menu_order":0,"comment_status":"closed","ping_status":"closed","template":"","meta":{"_mi_skip_tracking":false,"_monsterinsights_sitenote_active":false,"_monsterinsights_sitenote_note":"","_monsterinsights_sitenote_category":0,"footnotes":""},"class_list":["post-798","page","type-page","status-publish","hentry"],"_links":{"self":[{"href":"https:\/\/horizonverde.fr\/index.php\/wp-json\/wp\/v2\/pages\/798","targetHints":{"allow":["GET"]}}],"collection":[{"href":"https:\/\/horizonverde.fr\/index.php\/wp-json\/wp\/v2\/pages"}],"about":[{"href":"https:\/\/horizonverde.fr\/index.php\/wp-json\/wp\/v2\/types\/page"}],"author":[{"embeddable":true,"href":"https:\/\/horizonverde.fr\/index.php\/wp-json\/wp\/v2\/users\/2"}],"replies":[{"embeddable":true,"href":"https:\/\/horizonverde.fr\/index.php\/wp-json\/wp\/v2\/comments?post=798"}],"version-history":[{"count":4,"href":"https:\/\/horizonverde.fr\/index.php\/wp-json\/wp\/v2\/pages\/798\/revisions"}],"predecessor-version":[{"id":928,"href":"https:\/\/horizonverde.fr\/index.php\/wp-json\/wp\/v2\/pages\/798\/revisions\/928"}],"wp:attachment":[{"href":"https:\/\/horizonverde.fr\/index.php\/wp-json\/wp\/v2\/media?parent=798"}],"curies":[{"name":"wp","href":"https:\/\/api.w.org\/{rel}","templated":true}]}}