{"id":8,"date":"2022-11-24T14:52:23","date_gmt":"2022-11-24T13:52:23","guid":{"rendered":"http:\/\/horizonverde.fr\/?page_id=8"},"modified":"2024-03-13T19:40:10","modified_gmt":"2024-03-13T18:40:10","slug":"nouvelle-page","status":"publish","type":"page","link":"https:\/\/horizonverde.fr\/index.php\/nouvelle-page\/","title":{"rendered":"LA R\u00c9SIDENCE"},"content":{"rendered":"\n<p class=\"has-text-color has-background has-large-font-size\" style=\"color:#1a382f;background-color:#c4d64c\"><strong>Historique<\/strong><\/p>\n\n\n\n<p class=\"has-medium-font-size\">La r\u00e9sidence Horizon Verde s&rsquo;int\u00e8gre aujourd&rsquo;hui en lieu et place d&rsquo;une ancienne propri\u00e9t\u00e9 datant de la r\u00e9volution. <\/p>\n\n\n\n<p class=\"has-medium-font-size\">Cette maison f\u00fbt rachet\u00e9e en l&rsquo;\u00e9tat de ruine, dans les ann\u00e9es 80 par son ancien propri\u00e9taire, vendeur par la suite aupr\u00e8s du promoteur.<\/p>\n\n\n\n<figure class=\"wp-block-image size-large\"><img loading=\"lazy\" decoding=\"async\" width=\"1024\" height=\"768\" src=\"https:\/\/horizonverde.fr\/wp-content\/uploads\/2023\/01\/P1000746-1024x768.jpg\" alt=\"\" class=\"wp-image-887\" srcset=\"https:\/\/horizonverde.fr\/wp-content\/uploads\/2023\/01\/P1000746-1024x768.jpg 1024w, https:\/\/horizonverde.fr\/wp-content\/uploads\/2023\/01\/P1000746-300x225.jpg 300w, https:\/\/horizonverde.fr\/wp-content\/uploads\/2023\/01\/P1000746-768x576.jpg 768w, https:\/\/horizonverde.fr\/wp-content\/uploads\/2023\/01\/P1000746-1536x1152.jpg 1536w, https:\/\/horizonverde.fr\/wp-content\/uploads\/2023\/01\/P1000746-2048x1536.jpg 2048w\" sizes=\"auto, (max-width: 1024px) 100vw, 1024px\" \/><figcaption class=\"wp-element-caption\"><em>Maison historique<\/em>.<\/figcaption><\/figure>\n\n\n\n<figure class=\"wp-block-image size-large\"><img loading=\"lazy\" decoding=\"async\" width=\"1024\" height=\"437\" src=\"https:\/\/horizonverde.fr\/wp-content\/uploads\/2023\/01\/001-Copie-1024x437.jpg\" alt=\"\" class=\"wp-image-888\" srcset=\"https:\/\/horizonverde.fr\/wp-content\/uploads\/2023\/01\/001-Copie-1024x437.jpg 1024w, https:\/\/horizonverde.fr\/wp-content\/uploads\/2023\/01\/001-Copie-300x128.jpg 300w, https:\/\/horizonverde.fr\/wp-content\/uploads\/2023\/01\/001-Copie-768x328.jpg 768w, https:\/\/horizonverde.fr\/wp-content\/uploads\/2023\/01\/001-Copie-1536x655.jpg 1536w, https:\/\/horizonverde.fr\/wp-content\/uploads\/2023\/01\/001-Copie-2048x873.jpg 2048w\" sizes=\"auto, (max-width: 1024px) 100vw, 1024px\" \/><figcaption class=\"wp-element-caption\"><em>Maison historique.<\/em><\/figcaption><\/figure>\n\n\n\n<p class=\"has-medium-font-size\">Une seconde maison construite dans la parcelle adoss\u00e9e au parc des trois \u00e9tangs a \u00e9galement \u00e9t\u00e9 d\u00e9molie au cours de l&rsquo;op\u00e9ration.<\/p>\n\n\n\n<figure class=\"wp-block-image size-large\"><img loading=\"lazy\" decoding=\"async\" width=\"1024\" height=\"515\" src=\"https:\/\/horizonverde.fr\/wp-content\/uploads\/2023\/01\/Capture-decran-2023-01-28-a-12.57.15-1024x515.jpeg\" alt=\"\" class=\"wp-image-889\" srcset=\"https:\/\/horizonverde.fr\/wp-content\/uploads\/2023\/01\/Capture-decran-2023-01-28-a-12.57.15-1024x515.jpeg 1024w, https:\/\/horizonverde.fr\/wp-content\/uploads\/2023\/01\/Capture-decran-2023-01-28-a-12.57.15-300x151.jpeg 300w, https:\/\/horizonverde.fr\/wp-content\/uploads\/2023\/01\/Capture-decran-2023-01-28-a-12.57.15-768x386.jpeg 768w, https:\/\/horizonverde.fr\/wp-content\/uploads\/2023\/01\/Capture-decran-2023-01-28-a-12.57.15.jpeg 1204w\" sizes=\"auto, (max-width: 1024px) 100vw, 1024px\" \/><figcaption class=\"wp-element-caption\"><em>Ancienne maison proche du parc des trois \u00e9tangs.<\/em><\/figcaption><\/figure>\n\n\n\n<p class=\"has-text-color has-background has-large-font-size\" style=\"color:#1a382f;background-color:#c4d64c\"><strong>Architecture<\/strong><\/p>\n\n\n\n<p class=\"has-medium-font-size\">Le permis de construire de la future r\u00e9sidence d\u00e9pos\u00e9 le 15\/02\/2013 fut contest\u00e9 en justice.<\/p>\n\n\n\n<p class=\"has-medium-font-size\">L&rsquo;architecture de la r\u00e9sidence est con\u00e7ue par Guillaume CH\u00c9N\u00c9, architecte DPLG de l&rsquo;agence QUADRA situ\u00e9e \u00e0 Orvault.<\/p>\n\n\n\n<p class=\"has-medium-font-size\">Compos\u00e9e de trois b\u00e2timents de 12,10 m de haut et deux maisons individuelles, m\u00ealant formes rectilignes et rondeur pour l&rsquo;entr\u00e9e du b\u00e2timent C, pouvant \u00e9voquer la forme des moulins \u00e0 vent, dont la pr\u00e9sence f\u00fbt tr\u00e8s importante dans le quartier.<\/p>\n\n\n\n<p class=\"has-medium-font-size\">Le bois &amp; la pierre viennent apporter un esprit naturel, le terracotta de la chaleur. <\/p>\n\n\n\n<figure class=\"wp-block-image size-large\"><img loading=\"lazy\" decoding=\"async\" width=\"1024\" height=\"576\" src=\"https:\/\/horizonverde.fr\/wp-content\/uploads\/2023\/01\/IMG_20190620_212508-1024x576.jpg\" alt=\"\" class=\"wp-image-891\" srcset=\"https:\/\/horizonverde.fr\/wp-content\/uploads\/2023\/01\/IMG_20190620_212508-1024x576.jpg 1024w, https:\/\/horizonverde.fr\/wp-content\/uploads\/2023\/01\/IMG_20190620_212508-300x169.jpg 300w, https:\/\/horizonverde.fr\/wp-content\/uploads\/2023\/01\/IMG_20190620_212508-768x432.jpg 768w, https:\/\/horizonverde.fr\/wp-content\/uploads\/2023\/01\/IMG_20190620_212508-1536x864.jpg 1536w, https:\/\/horizonverde.fr\/wp-content\/uploads\/2023\/01\/IMG_20190620_212508-2048x1152.jpg 2048w\" sizes=\"auto, (max-width: 1024px) 100vw, 1024px\" \/><figcaption class=\"wp-element-caption\"><em>D\u00e9marrage des fouilles.<\/em><\/figcaption><\/figure>\n\n\n\n<figure class=\"wp-block-image size-large\"><img loading=\"lazy\" decoding=\"async\" width=\"1024\" height=\"576\" src=\"https:\/\/horizonverde.fr\/wp-content\/uploads\/2023\/01\/IMG_20190728_203825-1024x576.jpg\" alt=\"\" class=\"wp-image-894\" srcset=\"https:\/\/horizonverde.fr\/wp-content\/uploads\/2023\/01\/IMG_20190728_203825-1024x576.jpg 1024w, https:\/\/horizonverde.fr\/wp-content\/uploads\/2023\/01\/IMG_20190728_203825-300x169.jpg 300w, https:\/\/horizonverde.fr\/wp-content\/uploads\/2023\/01\/IMG_20190728_203825-768x432.jpg 768w, https:\/\/horizonverde.fr\/wp-content\/uploads\/2023\/01\/IMG_20190728_203825-1536x864.jpg 1536w, https:\/\/horizonverde.fr\/wp-content\/uploads\/2023\/01\/IMG_20190728_203825-2048x1152.jpg 2048w\" sizes=\"auto, (max-width: 1024px) 100vw, 1024px\" \/><figcaption class=\"wp-element-caption\"><em>Fondations.<\/em><\/figcaption><\/figure>\n\n\n\n<figure class=\"wp-block-image size-large\"><img loading=\"lazy\" decoding=\"async\" width=\"1024\" height=\"576\" src=\"https:\/\/horizonverde.fr\/wp-content\/uploads\/2023\/01\/IMG_20200210_174134-1024x576.jpg\" alt=\"\" class=\"wp-image-895\" srcset=\"https:\/\/horizonverde.fr\/wp-content\/uploads\/2023\/01\/IMG_20200210_174134-1024x576.jpg 1024w, https:\/\/horizonverde.fr\/wp-content\/uploads\/2023\/01\/IMG_20200210_174134-300x169.jpg 300w, https:\/\/horizonverde.fr\/wp-content\/uploads\/2023\/01\/IMG_20200210_174134-768x432.jpg 768w, https:\/\/horizonverde.fr\/wp-content\/uploads\/2023\/01\/IMG_20200210_174134-1536x864.jpg 1536w, https:\/\/horizonverde.fr\/wp-content\/uploads\/2023\/01\/IMG_20200210_174134-2048x1152.jpg 2048w\" sizes=\"auto, (max-width: 1024px) 100vw, 1024px\" \/><figcaption class=\"wp-element-caption\"><em>Les b\u00e2timents en cours de construction.<\/em><\/figcaption><\/figure>\n\n\n\n<figure class=\"wp-block-image size-large\"><img loading=\"lazy\" decoding=\"async\" width=\"1024\" height=\"576\" src=\"https:\/\/horizonverde.fr\/wp-content\/uploads\/2023\/02\/IMG_1234-1024x576.jpeg\" alt=\"\" class=\"wp-image-963\" srcset=\"https:\/\/horizonverde.fr\/wp-content\/uploads\/2023\/02\/IMG_1234-1024x576.jpeg 1024w, https:\/\/horizonverde.fr\/wp-content\/uploads\/2023\/02\/IMG_1234-300x169.jpeg 300w, https:\/\/horizonverde.fr\/wp-content\/uploads\/2023\/02\/IMG_1234-768x432.jpeg 768w, https:\/\/horizonverde.fr\/wp-content\/uploads\/2023\/02\/IMG_1234-1536x864.jpeg 1536w, https:\/\/horizonverde.fr\/wp-content\/uploads\/2023\/02\/IMG_1234-2048x1152.jpeg 2048w\" sizes=\"auto, (max-width: 1024px) 100vw, 1024px\" \/><figcaption class=\"wp-element-caption\"><em>Vue sur le b\u00e2timent A.<\/em><\/figcaption><\/figure>\n\n\n\n<figure class=\"wp-block-image size-large\"><img loading=\"lazy\" decoding=\"async\" width=\"1024\" height=\"576\" src=\"https:\/\/horizonverde.fr\/wp-content\/uploads\/2023\/02\/IMG_1238-1024x576.jpeg\" alt=\"\" class=\"wp-image-962\" srcset=\"https:\/\/horizonverde.fr\/wp-content\/uploads\/2023\/02\/IMG_1238-1024x576.jpeg 1024w, https:\/\/horizonverde.fr\/wp-content\/uploads\/2023\/02\/IMG_1238-300x169.jpeg 300w, https:\/\/horizonverde.fr\/wp-content\/uploads\/2023\/02\/IMG_1238-768x432.jpeg 768w, https:\/\/horizonverde.fr\/wp-content\/uploads\/2023\/02\/IMG_1238-1536x864.jpeg 1536w, https:\/\/horizonverde.fr\/wp-content\/uploads\/2023\/02\/IMG_1238-2048x1152.jpeg 2048w\" sizes=\"auto, (max-width: 1024px) 100vw, 1024px\" \/><figcaption class=\"wp-element-caption\"><em>Les deux maisons.<\/em><\/figcaption><\/figure>\n\n\n\n<figure class=\"wp-block-image size-large is-resized\"><img decoding=\"async\" src=\"https:\/\/horizonverde.fr\/wp-content\/uploads\/2022\/11\/cropped-Capture-decran-2022-11-13-a-11.02.19-1024x419.jpeg\" alt=\"\" class=\"wp-image-32\" style=\"width:1140px;height:466px\"\/><figcaption class=\"wp-element-caption\"><em>Vue sur les b\u00e2timents C et B.<\/em><\/figcaption><\/figure>\n\n\n\n<figure class=\"wp-block-image size-large\"><img loading=\"lazy\" decoding=\"async\" width=\"1024\" height=\"581\" src=\"https:\/\/horizonverde.fr\/wp-content\/uploads\/2023\/01\/IMG_0330-1-1024x581.jpeg\" alt=\"\" class=\"wp-image-896\" srcset=\"https:\/\/horizonverde.fr\/wp-content\/uploads\/2023\/01\/IMG_0330-1-1024x581.jpeg 1024w, https:\/\/horizonverde.fr\/wp-content\/uploads\/2023\/01\/IMG_0330-1-300x170.jpeg 300w, https:\/\/horizonverde.fr\/wp-content\/uploads\/2023\/01\/IMG_0330-1-768x436.jpeg 768w, https:\/\/horizonverde.fr\/wp-content\/uploads\/2023\/01\/IMG_0330-1-1536x872.jpeg 1536w, https:\/\/horizonverde.fr\/wp-content\/uploads\/2023\/01\/IMG_0330-1-2048x1162.jpeg 2048w\" sizes=\"auto, (max-width: 1024px) 100vw, 1024px\" \/><figcaption class=\"wp-element-caption\"><em>Bardage et rev\u00eatement terracotta.<\/em><\/figcaption><\/figure>\n\n\n\n<figure class=\"wp-block-image size-large\"><img loading=\"lazy\" decoding=\"async\" width=\"1024\" height=\"768\" src=\"https:\/\/horizonverde.fr\/wp-content\/uploads\/2023\/01\/IMG_0091-1024x768.jpeg\" alt=\"\" class=\"wp-image-897\" srcset=\"https:\/\/horizonverde.fr\/wp-content\/uploads\/2023\/01\/IMG_0091-1024x768.jpeg 1024w, https:\/\/horizonverde.fr\/wp-content\/uploads\/2023\/01\/IMG_0091-300x225.jpeg 300w, https:\/\/horizonverde.fr\/wp-content\/uploads\/2023\/01\/IMG_0091-768x576.jpeg 768w, https:\/\/horizonverde.fr\/wp-content\/uploads\/2023\/01\/IMG_0091-1536x1152.jpeg 1536w, https:\/\/horizonverde.fr\/wp-content\/uploads\/2023\/01\/IMG_0091-2048x1536.jpeg 2048w\" sizes=\"auto, (max-width: 1024px) 100vw, 1024px\" \/><figcaption class=\"wp-element-caption\"><em>Le jardin commun.<\/em><\/figcaption><\/figure>\n","protected":false},"excerpt":{"rendered":"<p>Historique La r\u00e9sidence Horizon Verde s&rsquo;int\u00e8gre aujourd&rsquo;hui en lieu et place d&rsquo;une ancienne propri\u00e9t\u00e9 datant de la r\u00e9volution. Cette maison f\u00fbt rachet\u00e9e en l&rsquo;\u00e9tat de ruine, dans les ann\u00e9es 80 par son ancien propri\u00e9taire, vendeur par la suite aupr\u00e8s du promoteur. Une seconde maison construite dans la parcelle adoss\u00e9e au parc des trois \u00e9tangs a <a class=\"read-more\" href=\"https:\/\/horizonverde.fr\/index.php\/nouvelle-page\/\">READ MORE<\/a><\/p>\n","protected":false},"author":1,"featured_media":0,"parent":0,"menu_order":0,"comment_status":"closed","ping_status":"closed","template":"","meta":{"_mi_skip_tracking":false,"_monsterinsights_sitenote_active":false,"_monsterinsights_sitenote_note":"","_monsterinsights_sitenote_category":0,"footnotes":""},"class_list":["post-8","page","type-page","status-publish","hentry"],"_links":{"self":[{"href":"https:\/\/horizonverde.fr\/index.php\/wp-json\/wp\/v2\/pages\/8","targetHints":{"allow":["GET"]}}],"collection":[{"href":"https:\/\/horizonverde.fr\/index.php\/wp-json\/wp\/v2\/pages"}],"about":[{"href":"https:\/\/horizonverde.fr\/index.php\/wp-json\/wp\/v2\/types\/page"}],"author":[{"embeddable":true,"href":"https:\/\/horizonverde.fr\/index.php\/wp-json\/wp\/v2\/users\/1"}],"replies":[{"embeddable":true,"href":"https:\/\/horizonverde.fr\/index.php\/wp-json\/wp\/v2\/comments?post=8"}],"version-history":[{"count":19,"href":"https:\/\/horizonverde.fr\/index.php\/wp-json\/wp\/v2\/pages\/8\/revisions"}],"predecessor-version":[{"id":1116,"href":"https:\/\/horizonverde.fr\/index.php\/wp-json\/wp\/v2\/pages\/8\/revisions\/1116"}],"wp:attachment":[{"href":"https:\/\/horizonverde.fr\/index.php\/wp-json\/wp\/v2\/media?parent=8"}],"curies":[{"name":"wp","href":"https:\/\/api.w.org\/{rel}","templated":true}]}}