{"id":838,"date":"2022-12-26T14:30:42","date_gmt":"2022-12-26T13:30:42","guid":{"rendered":"https:\/\/horizonverde.fr\/?page_id=838"},"modified":"2022-12-26T14:32:15","modified_gmt":"2022-12-26T13:32:15","slug":"vie-privee","status":"publish","type":"page","link":"https:\/\/horizonverde.fr\/index.php\/vie-privee\/","title":{"rendered":"VIE PRIV\u00c9E"},"content":{"rendered":"\n<p class=\"has-text-color has-background has-large-font-size\" style=\"color:#1a382f;background-color:#c4d64c\"><strong>PROTECTION DES DONN\u00c9ES PERSONNELLES<\/strong><\/p>\n\n\n\n<p class=\"has-medium-font-size\">Conform\u00e9ment \u00e0 la Loi informatique et libert\u00e9s du 6 janvier 1978 (art.34), vous disposez d&rsquo;un droit d&rsquo;acc\u00e8s, de r\u00e9ctification ou de suppression concernant les donn\u00e9es personnelles que nous pourrions \u00eatre amen\u00e9s \u00e0 recueillir (donn\u00e9es renseign\u00e9es pas vous). <\/p>\n\n\n\n<p><\/p>\n\n\n\n<p class=\"has-medium-font-size\">Pour exercer ce droit, veuillez envoyer votre demande via le formulaire de contact.<\/p>\n","protected":false},"excerpt":{"rendered":"<p>PROTECTION DES DONN\u00c9ES PERSONNELLES Conform\u00e9ment \u00e0 la Loi informatique et libert\u00e9s du 6 janvier 1978 (art.34), vous disposez d&rsquo;un droit d&rsquo;acc\u00e8s, de r\u00e9ctification ou de suppression concernant les donn\u00e9es personnelles que nous pourrions \u00eatre amen\u00e9s \u00e0 recueillir (donn\u00e9es renseign\u00e9es pas vous). Pour exercer ce droit, veuillez envoyer votre demande via le formulaire de contact.<\/p>\n","protected":false},"author":2,"featured_media":0,"parent":0,"menu_order":0,"comment_status":"closed","ping_status":"closed","template":"","meta":{"_mi_skip_tracking":false,"_monsterinsights_sitenote_active":false,"_monsterinsights_sitenote_note":"","_monsterinsights_sitenote_category":0,"footnotes":""},"class_list":["post-838","page","type-page","status-publish","hentry"],"_links":{"self":[{"href":"https:\/\/horizonverde.fr\/index.php\/wp-json\/wp\/v2\/pages\/838","targetHints":{"allow":["GET"]}}],"collection":[{"href":"https:\/\/horizonverde.fr\/index.php\/wp-json\/wp\/v2\/pages"}],"about":[{"href":"https:\/\/horizonverde.fr\/index.php\/wp-json\/wp\/v2\/types\/page"}],"author":[{"embeddable":true,"href":"https:\/\/horizonverde.fr\/index.php\/wp-json\/wp\/v2\/users\/2"}],"replies":[{"embeddable":true,"href":"https:\/\/horizonverde.fr\/index.php\/wp-json\/wp\/v2\/comments?post=838"}],"version-history":[{"count":2,"href":"https:\/\/horizonverde.fr\/index.php\/wp-json\/wp\/v2\/pages\/838\/revisions"}],"predecessor-version":[{"id":841,"href":"https:\/\/horizonverde.fr\/index.php\/wp-json\/wp\/v2\/pages\/838\/revisions\/841"}],"wp:attachment":[{"href":"https:\/\/horizonverde.fr\/index.php\/wp-json\/wp\/v2\/media?parent=838"}],"curies":[{"name":"wp","href":"https:\/\/api.w.org\/{rel}","templated":true}]}}