{"id":974,"date":"2023-03-09T12:00:07","date_gmt":"2023-03-09T11:00:07","guid":{"rendered":"https:\/\/horizonverde.fr\/?page_id=974"},"modified":"2023-03-09T12:19:22","modified_gmt":"2023-03-09T11:19:22","slug":"animaux","status":"publish","type":"page","link":"https:\/\/horizonverde.fr\/index.php\/animaux\/","title":{"rendered":"ANIMAUX"},"content":{"rendered":"\n<figure class=\"wp-block-image size-full is-resized\"><img loading=\"lazy\" decoding=\"async\" src=\"https:\/\/horizonverde.fr\/wp-content\/uploads\/2023\/03\/chien-chat-pelouse-artificielle.jpg\" alt=\"\" class=\"wp-image-982\" width=\"1020\" height=\"574\" srcset=\"https:\/\/horizonverde.fr\/wp-content\/uploads\/2023\/03\/chien-chat-pelouse-artificielle.jpg 798w, https:\/\/horizonverde.fr\/wp-content\/uploads\/2023\/03\/chien-chat-pelouse-artificielle-300x169.jpg 300w, https:\/\/horizonverde.fr\/wp-content\/uploads\/2023\/03\/chien-chat-pelouse-artificielle-768x432.jpg 768w\" sizes=\"auto, (max-width: 1020px) 100vw, 1020px\" \/><\/figure>\n\n\n\n<p><\/p>\n\n\n\n<p class=\"has-medium-font-size\">Conform\u00e9ment au r\u00e8glement int\u00e9rieur de la copropri\u00e9t\u00e9 page 62 :<\/p>\n\n\n\n<p class=\"has-medium-font-size\">\u00ab\u00a0<em>tous les animaux bruyants, malfaisants ou malpropres sont interdits dans l&rsquo;immeuble et plus particuli\u00e8rement les animaux \u00e0 caract\u00e8re dangereux tel que les chiens d&rsquo;attaque, de garde ou de d\u00e9fense relevant de l&rsquo;article L. 211-12 du Code Rural, les fauves, reptiles, sauriens et invert\u00e9br\u00e9s. Les chats, les chiens et autres animaux familiers sont tol\u00e9r\u00e9s, mais tous les d\u00e9g\u00e2ts et d\u00e9gradations qu&rsquo;ils pourront causer resteront \u00e0 la charge de leurs propri\u00e9taires. Ces derniers devront veiller \u00e0 ce que leurs animaux n&rsquo;apportent aucun trouble \u00e0 la tranquillit\u00e9 de l&rsquo;immeuble. Ces animaux devront \u00eatre port\u00e9s \u00e0 bras ou \u00eatre tenus en laisse, au sein des parties communes de l&rsquo;immeubles.<\/em>\u00ab\u00a0<\/p>\n\n\n\n<p class=\"has-medium-font-size\">Nous comptons sur vous afin :  <\/p>\n\n\n\n<ul class=\"has-text-color has-background has-medium-font-size wp-block-list\" style=\"color:#1a382f;background-color:#c4d64c\">\n<li><strong>D&rsquo;essuyer les pattes de votre animal, si ce dernier risque de salir les sols des couloirs.<\/strong><\/li>\n\n\n\n<li><strong>Ne pas laisser votre chien ou chat faire ses besoins dans le jardin commun.<\/strong><\/li>\n\n\n\n<li><strong>Tenir votre animal en laisse dans l&rsquo;int\u00e9gralit\u00e9 des parties communes.<\/strong><\/li>\n<\/ul>\n\n\n\n<p class=\"has-medium-font-size\">Toute d\u00e9gradation faite par l&rsquo;animal d&rsquo;un.e locataire\/copropri\u00e9taire, sera naturellement factur\u00e9e \u00e0 sa charge.<\/p>\n","protected":false},"excerpt":{"rendered":"<p>Conform\u00e9ment au r\u00e8glement int\u00e9rieur de la copropri\u00e9t\u00e9 page 62 : \u00ab\u00a0tous les animaux bruyants, malfaisants ou malpropres sont interdits dans l&rsquo;immeuble et plus particuli\u00e8rement les animaux \u00e0 caract\u00e8re dangereux tel que les chiens d&rsquo;attaque, de garde ou de d\u00e9fense relevant de l&rsquo;article L. 211-12 du Code Rural, les fauves, reptiles, sauriens et invert\u00e9br\u00e9s. Les chats, <a class=\"read-more\" href=\"https:\/\/horizonverde.fr\/index.php\/animaux\/\">READ MORE<\/a><\/p>\n","protected":false},"author":2,"featured_media":0,"parent":0,"menu_order":0,"comment_status":"closed","ping_status":"closed","template":"","meta":{"_mi_skip_tracking":false,"_monsterinsights_sitenote_active":false,"_monsterinsights_sitenote_note":"","_monsterinsights_sitenote_category":0,"footnotes":""},"class_list":["post-974","page","type-page","status-publish","hentry"],"_links":{"self":[{"href":"https:\/\/horizonverde.fr\/index.php\/wp-json\/wp\/v2\/pages\/974","targetHints":{"allow":["GET"]}}],"collection":[{"href":"https:\/\/horizonverde.fr\/index.php\/wp-json\/wp\/v2\/pages"}],"about":[{"href":"https:\/\/horizonverde.fr\/index.php\/wp-json\/wp\/v2\/types\/page"}],"author":[{"embeddable":true,"href":"https:\/\/horizonverde.fr\/index.php\/wp-json\/wp\/v2\/users\/2"}],"replies":[{"embeddable":true,"href":"https:\/\/horizonverde.fr\/index.php\/wp-json\/wp\/v2\/comments?post=974"}],"version-history":[{"count":8,"href":"https:\/\/horizonverde.fr\/index.php\/wp-json\/wp\/v2\/pages\/974\/revisions"}],"predecessor-version":[{"id":986,"href":"https:\/\/horizonverde.fr\/index.php\/wp-json\/wp\/v2\/pages\/974\/revisions\/986"}],"wp:attachment":[{"href":"https:\/\/horizonverde.fr\/index.php\/wp-json\/wp\/v2\/media?parent=974"}],"curies":[{"name":"wp","href":"https:\/\/api.w.org\/{rel}","templated":true}]}}